{"id":5299,"date":"2025-09-29T18:36:29","date_gmt":"2025-09-29T10:36:29","guid":{"rendered":"https:\/\/seedoosports.com\/?post_type=product&#038;p=5299"},"modified":"2026-04-04T11:10:43","modified_gmt":"2026-04-04T03:10:43","slug":"xross-boxing-traning-center-2-0","status":"publish","type":"product","link":"https:\/\/seedoosports.com\/fr\/rig-rack\/xross-boxing-traning-center-2-0\/","title":{"rendered":"Centre d'entra\u00eenement de boxe Xross 2.0"},"content":{"rendered":"","protected":false},"excerpt":{"rendered":"<p>Il s'agit d'un centre d'entra\u00eenement complet qui s'oriente davantage vers la boxe. Il combine des centres d'entra\u00eenement pour le Hyrox, le yoga, le fitness et la boxe. \u00c9quip\u00e9 de deux syst\u00e8mes de rails en forme de J pouvant accueillir jusqu'\u00e0 six sacs de sable, les sacs de sable peuvent \u00eatre d\u00e9plac\u00e9s librement. Le support de rangement permet de garder votre salle de sport propre et bien rang\u00e9e, et un ensemble de supports peut accueillir plusieurs modes d'entra\u00eenement<\/p>","protected":false},"featured_media":5450,"template":"","meta":{"rank_math_lock_modified_date":false},"product_brand":[],"product_cat":[56],"product_tag":[],"class_list":{"0":"post-5299","1":"product","2":"type-product","3":"status-publish","4":"has-post-thumbnail","6":"product_cat-rig-rack","8":"first","9":"instock","10":"shipping-taxable","11":"product-type-simple"},"_links":{"self":[{"href":"https:\/\/seedoosports.com\/fr\/wp-json\/wp\/v2\/product\/5299","targetHints":{"allow":["GET"]}}],"collection":[{"href":"https:\/\/seedoosports.com\/fr\/wp-json\/wp\/v2\/product"}],"about":[{"href":"https:\/\/seedoosports.com\/fr\/wp-json\/wp\/v2\/types\/product"}],"wp:featuredmedia":[{"embeddable":true,"href":"https:\/\/seedoosports.com\/fr\/wp-json\/wp\/v2\/media\/5450"}],"wp:attachment":[{"href":"https:\/\/seedoosports.com\/fr\/wp-json\/wp\/v2\/media?parent=5299"}],"wp:term":[{"taxonomy":"product_brand","embeddable":true,"href":"https:\/\/seedoosports.com\/fr\/wp-json\/wp\/v2\/product_brand?post=5299"},{"taxonomy":"product_cat","embeddable":true,"href":"https:\/\/seedoosports.com\/fr\/wp-json\/wp\/v2\/product_cat?post=5299"},{"taxonomy":"product_tag","embeddable":true,"href":"https:\/\/seedoosports.com\/fr\/wp-json\/wp\/v2\/product_tag?post=5299"}],"curies":[{"name":"wp","href":"https:\/\/api.w.org\/{rel}","templated":true}]}}