{"id":5205,"date":"2025-08-06T16:28:01","date_gmt":"2025-08-06T08:28:01","guid":{"rendered":"https:\/\/seedoosports.com\/?post_type=product&#038;p=5205"},"modified":"2025-08-06T16:28:01","modified_gmt":"2025-08-06T08:28:01","slug":"levitation-of-fist","status":"publish","type":"product","link":"https:\/\/seedoosports.com\/fr\/rig-rack\/levitation-of-fist\/","title":{"rendered":"L\u00e9vitation du poing"},"content":{"rendered":"","protected":false},"excerpt":{"rendered":"<p>Un \u00e9quipement fix\u00e9 \u00e0 des colonnes murales, compos\u00e9 d'un rail et d'un syst\u00e8me de support de sac de frappe. Il n'entre pas en contact avec le sol, et sa conception flottante permet de lib\u00e9rer plus d'espace d'entra\u00eenement. La l\u00e9vitation du poing peut fournir un entra\u00eenement physique et un entra\u00eenement \u00e0 la boxe aux pratiquants. La taille du produit peut \u00eatre con\u00e7ue en fonction de la distance entre les colonnes de la salle de sport, ce qui le rend flexible et adaptable \u00e0 davantage de salles de sport. Levitation of Fist permet \u00e0 vos colonnes murales d'\u00eatre int\u00e9gr\u00e9es dans la salle de boxe !<\/p>","protected":false},"featured_media":5206,"template":"","meta":{"rank_math_lock_modified_date":false},"product_brand":[],"product_cat":[56],"product_tag":[],"class_list":{"0":"post-5205","1":"product","2":"type-product","3":"status-publish","4":"has-post-thumbnail","6":"product_cat-rig-rack","8":"first","9":"instock","10":"shipping-taxable","11":"product-type-simple"},"_links":{"self":[{"href":"https:\/\/seedoosports.com\/fr\/wp-json\/wp\/v2\/product\/5205","targetHints":{"allow":["GET"]}}],"collection":[{"href":"https:\/\/seedoosports.com\/fr\/wp-json\/wp\/v2\/product"}],"about":[{"href":"https:\/\/seedoosports.com\/fr\/wp-json\/wp\/v2\/types\/product"}],"wp:featuredmedia":[{"embeddable":true,"href":"https:\/\/seedoosports.com\/fr\/wp-json\/wp\/v2\/media\/5206"}],"wp:attachment":[{"href":"https:\/\/seedoosports.com\/fr\/wp-json\/wp\/v2\/media?parent=5205"}],"wp:term":[{"taxonomy":"product_brand","embeddable":true,"href":"https:\/\/seedoosports.com\/fr\/wp-json\/wp\/v2\/product_brand?post=5205"},{"taxonomy":"product_cat","embeddable":true,"href":"https:\/\/seedoosports.com\/fr\/wp-json\/wp\/v2\/product_cat?post=5205"},{"taxonomy":"product_tag","embeddable":true,"href":"https:\/\/seedoosports.com\/fr\/wp-json\/wp\/v2\/product_tag?post=5205"}],"curies":[{"name":"wp","href":"https:\/\/api.w.org\/{rel}","templated":true}]}}