{"id":5185,"date":"2025-07-29T17:53:52","date_gmt":"2025-07-29T09:53:52","guid":{"rendered":"https:\/\/seedoosports.com\/?post_type=product&#038;p=5185"},"modified":"2025-07-30T08:32:45","modified_gmt":"2025-07-30T00:32:45","slug":"cagym","status":"publish","type":"product","link":"https:\/\/seedoosports.com\/fr\/mma-cages\/cagym\/","title":{"rendered":"Cagym"},"content":{"rendered":"<ul>\n<li>La cage d'octogone avec sac \u00e0 dos int\u00e9gr\u00e9 - Votre gymnase tout-en-un\uff1b.<\/li>\n<li>Ouvrez l'octogone, d\u00e9ployez le sac de frappe - transformez-vous instantan\u00e9ment en une zone d'entra\u00eenement MMA compl\u00e8te.<\/li>\n<li>Rangez le sac de frappe et fermez la cage de l'octogone - vous \u00eates imm\u00e9diatement pr\u00eat pour l'entra\u00eenement \u00e0 la comp\u00e9tition.<\/li>\n<li>Conception autoportante - prot\u00e8ge les b\u00e2timents et permet une mobilit\u00e9 ais\u00e9e.<\/li>\n<\/ul>","protected":false},"excerpt":{"rendered":"<p>La combinaison d'une cage octogonale et d'un syst\u00e8me de rails pour sacs de frappe permet de multiples transformations pour s'adapter \u00e0 votre salle de sport.<\/p>","protected":false},"featured_media":5186,"template":"","meta":{"rank_math_lock_modified_date":false},"product_brand":[],"product_cat":[55],"product_tag":[],"class_list":{"0":"post-5185","1":"product","2":"type-product","3":"status-publish","4":"has-post-thumbnail","6":"product_cat-mma-cages","8":"first","9":"instock","10":"shipping-taxable","11":"product-type-simple"},"_links":{"self":[{"href":"https:\/\/seedoosports.com\/fr\/wp-json\/wp\/v2\/product\/5185","targetHints":{"allow":["GET"]}}],"collection":[{"href":"https:\/\/seedoosports.com\/fr\/wp-json\/wp\/v2\/product"}],"about":[{"href":"https:\/\/seedoosports.com\/fr\/wp-json\/wp\/v2\/types\/product"}],"wp:featuredmedia":[{"embeddable":true,"href":"https:\/\/seedoosports.com\/fr\/wp-json\/wp\/v2\/media\/5186"}],"wp:attachment":[{"href":"https:\/\/seedoosports.com\/fr\/wp-json\/wp\/v2\/media?parent=5185"}],"wp:term":[{"taxonomy":"product_brand","embeddable":true,"href":"https:\/\/seedoosports.com\/fr\/wp-json\/wp\/v2\/product_brand?post=5185"},{"taxonomy":"product_cat","embeddable":true,"href":"https:\/\/seedoosports.com\/fr\/wp-json\/wp\/v2\/product_cat?post=5185"},{"taxonomy":"product_tag","embeddable":true,"href":"https:\/\/seedoosports.com\/fr\/wp-json\/wp\/v2\/product_tag?post=5185"}],"curies":[{"name":"wp","href":"https:\/\/api.w.org\/{rel}","templated":true}]}}