{"id":5151,"date":"2025-07-11T16:13:44","date_gmt":"2025-07-11T08:13:44","guid":{"rendered":"https:\/\/seedoosports.com\/?post_type=product&#038;p=5151"},"modified":"2025-07-14T09:23:47","modified_gmt":"2025-07-14T01:23:47","slug":"foam-floor-tiles","status":"publish","type":"product","link":"https:\/\/seedoosports.com\/fr\/gym-flooring-mats\/foam-floor-tiles\/","title":{"rendered":"Dalles de sol en mousse"},"content":{"rendered":"<ul class=\"pdp_feature_container pdp_feature_crossed\">\n<li>Taille : 100x100cm.<\/li>\n<li>Epaisseur : 2cm, 2.5cm, 3cm, 4cm, 5cm.<\/li>\n<li>Parfait pour les entra\u00eenements de MMA, Jiu Jitsu, Taekwondo, Judo et Karat\u00e9.<\/li>\n<li>Une vari\u00e9t\u00e9 de textures au choix.<\/li>\n<li>Tr\u00e8s \u00e9pais et absorbant les chocs.<\/li>\n<li>Imperm\u00e9able, non toxique, r\u00e9sistant aux taches, facile \u00e0 nettoyer.<\/li>\n<li>Disponible dans une vari\u00e9t\u00e9 de couleurs.<\/li>\n<\/ul>","protected":false},"excerpt":{"rendered":"<p>Nos tapis en mousse offrent une tuile en mousse tr\u00e8s \u00e9paisse qui s'embo\u00eete pour cr\u00e9er un tapis en mousse portable ou une surface mur \u00e0 mur con\u00e7ue pour l'entra\u00eenement aux arts martiaux mixtes o\u00f9 l'absorption des chocs et la protection contre les impacts sont essentielles.<\/p>","protected":false},"featured_media":5152,"template":"","meta":{"rank_math_lock_modified_date":false},"product_brand":[],"product_cat":[70],"product_tag":[],"class_list":{"0":"post-5151","1":"product","2":"type-product","3":"status-publish","4":"has-post-thumbnail","6":"product_cat-gym-flooring-mats","8":"first","9":"instock","10":"shipping-taxable","11":"product-type-simple"},"_links":{"self":[{"href":"https:\/\/seedoosports.com\/fr\/wp-json\/wp\/v2\/product\/5151","targetHints":{"allow":["GET"]}}],"collection":[{"href":"https:\/\/seedoosports.com\/fr\/wp-json\/wp\/v2\/product"}],"about":[{"href":"https:\/\/seedoosports.com\/fr\/wp-json\/wp\/v2\/types\/product"}],"wp:featuredmedia":[{"embeddable":true,"href":"https:\/\/seedoosports.com\/fr\/wp-json\/wp\/v2\/media\/5152"}],"wp:attachment":[{"href":"https:\/\/seedoosports.com\/fr\/wp-json\/wp\/v2\/media?parent=5151"}],"wp:term":[{"taxonomy":"product_brand","embeddable":true,"href":"https:\/\/seedoosports.com\/fr\/wp-json\/wp\/v2\/product_brand?post=5151"},{"taxonomy":"product_cat","embeddable":true,"href":"https:\/\/seedoosports.com\/fr\/wp-json\/wp\/v2\/product_cat?post=5151"},{"taxonomy":"product_tag","embeddable":true,"href":"https:\/\/seedoosports.com\/fr\/wp-json\/wp\/v2\/product_tag?post=5151"}],"curies":[{"name":"wp","href":"https:\/\/api.w.org\/{rel}","templated":true}]}}