{"id":5142,"date":"2025-07-09T18:59:25","date_gmt":"2025-07-09T10:59:25","guid":{"rendered":"https:\/\/seedoosports.com\/?post_type=product&#038;p=5142"},"modified":"2025-07-09T18:59:25","modified_gmt":"2025-07-09T10:59:25","slug":"rubber-floor-mats","status":"publish","type":"product","link":"https:\/\/seedoosports.com\/fr\/gym-flooring-mats\/rubber-floor-mats\/","title":{"rendered":"Tapis de sol en caoutchouc"},"content":{"rendered":"<p><strong>\u00c9paisseur :\u00a0<\/strong>1cm, 1,5cm, 2cm, 3cm, 5cm<\/p>\n<p><b>Mat\u00e9riau :\u00a0<\/b>Fabriqu\u00e9 \u00e0 partir de caoutchouc de pneu recycl\u00e9 100% vulcanis\u00e9 en tapis de haute densit\u00e9 de premi\u00e8re qualit\u00e9. Les options de couleur ont une moucheture de couleur EPDM 20% ajout\u00e9e \u00e0 la surface.<\/p>\n<ul class=\"pdp_feature_container pdp_feature_crossed\">\n<li>Facile \u00e0 installer, antid\u00e9rapant, peu odorant.<\/li>\n<li>Tapis en caoutchouc vulcanis\u00e9 r\u00e9sistant et non poreux.<\/li>\n<li>Fabriqu\u00e9 en caoutchouc recycl\u00e9 100%.<\/li>\n<li>Disponible en 5 couleurs populaires.<\/li>\n<\/ul>","protected":false},"excerpt":{"rendered":"<p>Fabriqu\u00e9s \u00e0 partir de caoutchouc recycl\u00e9 100% et vulcanis\u00e9s pour une durabilit\u00e9 maximale, ces tapis de gymnastique polyvalents sont aussi r\u00e9sistants qu'ils le sont. Le processus de vulcanisation cr\u00e9e un mat\u00e9riau plus solide et plus r\u00e9silient qui peut r\u00e9sister \u00e0 une utilisation intensive et \u00e0 l'exposition aux \u00e9l\u00e9ments, ce qui fait de ces tapis un choix de rev\u00eatement de sol en caoutchouc de premi\u00e8re qualit\u00e9 pour une utilisation en int\u00e9rieur ou en ext\u00e9rieur.<\/p>","protected":false},"featured_media":5149,"template":"","meta":{"rank_math_lock_modified_date":false},"product_brand":[],"product_cat":[70],"product_tag":[],"class_list":{"0":"post-5142","1":"product","2":"type-product","3":"status-publish","4":"has-post-thumbnail","6":"product_cat-gym-flooring-mats","8":"first","9":"instock","10":"shipping-taxable","11":"product-type-simple"},"_links":{"self":[{"href":"https:\/\/seedoosports.com\/fr\/wp-json\/wp\/v2\/product\/5142","targetHints":{"allow":["GET"]}}],"collection":[{"href":"https:\/\/seedoosports.com\/fr\/wp-json\/wp\/v2\/product"}],"about":[{"href":"https:\/\/seedoosports.com\/fr\/wp-json\/wp\/v2\/types\/product"}],"wp:featuredmedia":[{"embeddable":true,"href":"https:\/\/seedoosports.com\/fr\/wp-json\/wp\/v2\/media\/5149"}],"wp:attachment":[{"href":"https:\/\/seedoosports.com\/fr\/wp-json\/wp\/v2\/media?parent=5142"}],"wp:term":[{"taxonomy":"product_brand","embeddable":true,"href":"https:\/\/seedoosports.com\/fr\/wp-json\/wp\/v2\/product_brand?post=5142"},{"taxonomy":"product_cat","embeddable":true,"href":"https:\/\/seedoosports.com\/fr\/wp-json\/wp\/v2\/product_cat?post=5142"},{"taxonomy":"product_tag","embeddable":true,"href":"https:\/\/seedoosports.com\/fr\/wp-json\/wp\/v2\/product_tag?post=5142"}],"curies":[{"name":"wp","href":"https:\/\/api.w.org\/{rel}","templated":true}]}}