{"id":5127,"date":"2025-07-09T16:43:30","date_gmt":"2025-07-09T08:43:30","guid":{"rendered":"https:\/\/seedoosports.com\/?post_type=product&#038;p=5127"},"modified":"2025-07-11T16:22:47","modified_gmt":"2025-07-11T08:22:47","slug":"wall-pads","status":"publish","type":"product","link":"https:\/\/seedoosports.com\/fr\/gym-flooring-mats\/wall-pads\/","title":{"rendered":"Plaques murales"},"content":{"rendered":"<p>Les coussins muraux SEEDOO sont fabriqu\u00e9s avec un support en contreplaqu\u00e9 de 1\/2\u2033 pour prot\u00e9ger vos murs en pierre, et une surface en vinyle r\u00e9sistante et facile \u00e0 nettoyer qui aide \u00e0 maintenir un aspect professionnel pendant de nombreuses ann\u00e9es et des heures de s\u00e9ances d'entra\u00eenement rigoureuses.<\/p>\n<ul>\n<li>Couleur : rouge, bleu, jaune, blanc, noir, vert, personnalis\u00e9.<\/li>\n<li>Logos personnalis\u00e9s - Impressions en couleur de votre logo.<\/li>\n<li>Taille : 183x61x5cm, 122x61x5cm (selon les besoins)<\/li>\n<\/ul>","protected":false},"excerpt":{"rendered":"<p>Les protections murales SEEDOO transforment votre \u00e9tablissement en une salle de sport compl\u00e8te, une salle de MMA, une acad\u00e9mie de BJJ ou un centre d'entra\u00eenement professionnel. Prot\u00e9gez vos \u00e9l\u00e8ves et vos murs en ajoutant des protections de haute qualit\u00e9 au look professionnel. Simulez la d\u00e9fense \u00e0 courte distance et l'entra\u00eenement en cage, travaillez les mises au sol et prot\u00e9gez vos athl\u00e8tes pendant les exercices.<\/p>","protected":false},"featured_media":5128,"template":"","meta":{"rank_math_lock_modified_date":false},"product_brand":[],"product_cat":[70],"product_tag":[],"class_list":{"0":"post-5127","1":"product","2":"type-product","3":"status-publish","4":"has-post-thumbnail","6":"product_cat-gym-flooring-mats","8":"first","9":"instock","10":"shipping-taxable","11":"product-type-simple"},"_links":{"self":[{"href":"https:\/\/seedoosports.com\/fr\/wp-json\/wp\/v2\/product\/5127","targetHints":{"allow":["GET"]}}],"collection":[{"href":"https:\/\/seedoosports.com\/fr\/wp-json\/wp\/v2\/product"}],"about":[{"href":"https:\/\/seedoosports.com\/fr\/wp-json\/wp\/v2\/types\/product"}],"wp:featuredmedia":[{"embeddable":true,"href":"https:\/\/seedoosports.com\/fr\/wp-json\/wp\/v2\/media\/5128"}],"wp:attachment":[{"href":"https:\/\/seedoosports.com\/fr\/wp-json\/wp\/v2\/media?parent=5127"}],"wp:term":[{"taxonomy":"product_brand","embeddable":true,"href":"https:\/\/seedoosports.com\/fr\/wp-json\/wp\/v2\/product_brand?post=5127"},{"taxonomy":"product_cat","embeddable":true,"href":"https:\/\/seedoosports.com\/fr\/wp-json\/wp\/v2\/product_cat?post=5127"},{"taxonomy":"product_tag","embeddable":true,"href":"https:\/\/seedoosports.com\/fr\/wp-json\/wp\/v2\/product_tag?post=5127"}],"curies":[{"name":"wp","href":"https:\/\/api.w.org\/{rel}","templated":true}]}}