{"id":5119,"date":"2025-07-09T16:31:16","date_gmt":"2025-07-09T08:31:16","guid":{"rendered":"https:\/\/seedoosports.com\/?post_type=product&#038;p=5119"},"modified":"2025-07-09T17:23:09","modified_gmt":"2025-07-09T09:23:09","slug":"judo-mat","status":"publish","type":"product","link":"https:\/\/seedoosports.com\/fr\/gym-flooring-mats\/judo-mat\/","title":{"rendered":"Tapis de judo"},"content":{"rendered":"<ul>\n<li>Taille : 1x1m, 1x2m.<\/li>\n<li>\u00c9paisseur : 3, 4, 5cm<\/li>\n<li>Couleur : rouge, bleu, vert, jaune, gris, noir.<\/li>\n<li>4cm Standard pour Judo, BJJ, Grappling Academy.<\/li>\n<li>5cm Standard pour la cat\u00e9gorie professionnelle pour les athl\u00e8tes de calibre mondial\/olympique.<\/li>\n<\/ul>","protected":false},"excerpt":{"rendered":"<p>La s\u00e9rie de tapis de judo SEEDOO est le syst\u00e8me de tapis le plus s\u00fbr, le plus durable et le plus professionnel disponible sur le march\u00e9 aujourd'hui.  La surface textur\u00e9e du tapis traditionnel donne un aspect propre et professionnel tout en offrant de superbes performances, une adh\u00e9rence exceptionnelle et une surface rapide et s\u00fbre pour les pirouettes, les coups de pied et la lutte avec le gi.<\/p>","protected":false},"featured_media":5120,"template":"","meta":{"rank_math_lock_modified_date":false},"product_brand":[],"product_cat":[70],"product_tag":[],"class_list":{"0":"post-5119","1":"product","2":"type-product","3":"status-publish","4":"has-post-thumbnail","6":"product_cat-gym-flooring-mats","8":"first","9":"instock","10":"shipping-taxable","11":"product-type-simple"},"_links":{"self":[{"href":"https:\/\/seedoosports.com\/fr\/wp-json\/wp\/v2\/product\/5119","targetHints":{"allow":["GET"]}}],"collection":[{"href":"https:\/\/seedoosports.com\/fr\/wp-json\/wp\/v2\/product"}],"about":[{"href":"https:\/\/seedoosports.com\/fr\/wp-json\/wp\/v2\/types\/product"}],"wp:featuredmedia":[{"embeddable":true,"href":"https:\/\/seedoosports.com\/fr\/wp-json\/wp\/v2\/media\/5120"}],"wp:attachment":[{"href":"https:\/\/seedoosports.com\/fr\/wp-json\/wp\/v2\/media?parent=5119"}],"wp:term":[{"taxonomy":"product_brand","embeddable":true,"href":"https:\/\/seedoosports.com\/fr\/wp-json\/wp\/v2\/product_brand?post=5119"},{"taxonomy":"product_cat","embeddable":true,"href":"https:\/\/seedoosports.com\/fr\/wp-json\/wp\/v2\/product_cat?post=5119"},{"taxonomy":"product_tag","embeddable":true,"href":"https:\/\/seedoosports.com\/fr\/wp-json\/wp\/v2\/product_tag?post=5119"}],"curies":[{"name":"wp","href":"https:\/\/api.w.org\/{rel}","templated":true}]}}