{"id":4676,"date":"2024-10-12T11:55:17","date_gmt":"2024-10-12T03:55:17","guid":{"rendered":"https:\/\/seedoosports.com\/?post_type=product&#038;p=4676"},"modified":"2024-12-24T16:03:59","modified_gmt":"2024-12-24T08:03:59","slug":"fctr-fs-crossfit-rig","status":"publish","type":"product","link":"https:\/\/seedoosports.com\/fr\/rig-rack\/fctr-fs-crossfit-rig\/","title":{"rendered":"FCTR-FS CrossFit Rig"},"content":{"rendered":"","protected":false},"excerpt":{"rendered":"<p>Il s'agit d'un produit qui peut \u00eatre d\u00e9connect\u00e9 du sol, du mur ou du plafond, ce qui facilite son d\u00e9montage et son transport. Il peut \u00eatre utilis\u00e9 pour l'entra\u00eenement \u00e0 la boxe et l'entra\u00eenement physique, et constitue un support d'entra\u00eenement complet et multifonctionnel. \u00c9quip\u00e9 d'un syst\u00e8me de rails pour sacs de frappe, d'\u00e9chelles d'escalade, de barres de traction et d'autres \u00e9quipements d'entra\u00eenement physique, il convient \u00e0 une grande vari\u00e9t\u00e9 de modes d'entra\u00eenement.<\/p>","protected":false},"featured_media":4677,"template":"","meta":{"rank_math_lock_modified_date":false},"product_brand":[],"product_cat":[56],"product_tag":[],"class_list":{"0":"post-4676","1":"product","2":"type-product","3":"status-publish","4":"has-post-thumbnail","6":"product_cat-rig-rack","8":"first","9":"instock","10":"shipping-taxable","11":"product-type-simple"},"_links":{"self":[{"href":"https:\/\/seedoosports.com\/fr\/wp-json\/wp\/v2\/product\/4676","targetHints":{"allow":["GET"]}}],"collection":[{"href":"https:\/\/seedoosports.com\/fr\/wp-json\/wp\/v2\/product"}],"about":[{"href":"https:\/\/seedoosports.com\/fr\/wp-json\/wp\/v2\/types\/product"}],"wp:featuredmedia":[{"embeddable":true,"href":"https:\/\/seedoosports.com\/fr\/wp-json\/wp\/v2\/media\/4677"}],"wp:attachment":[{"href":"https:\/\/seedoosports.com\/fr\/wp-json\/wp\/v2\/media?parent=4676"}],"wp:term":[{"taxonomy":"product_brand","embeddable":true,"href":"https:\/\/seedoosports.com\/fr\/wp-json\/wp\/v2\/product_brand?post=4676"},{"taxonomy":"product_cat","embeddable":true,"href":"https:\/\/seedoosports.com\/fr\/wp-json\/wp\/v2\/product_cat?post=4676"},{"taxonomy":"product_tag","embeddable":true,"href":"https:\/\/seedoosports.com\/fr\/wp-json\/wp\/v2\/product_tag?post=4676"}],"curies":[{"name":"wp","href":"https:\/\/api.w.org\/{rel}","templated":true}]}}