{"id":4634,"date":"2024-10-08T17:59:47","date_gmt":"2024-10-08T09:59:47","guid":{"rendered":"https:\/\/seedoosports.com\/?post_type=product&#038;p=4634"},"modified":"2024-10-08T17:59:47","modified_gmt":"2024-10-08T09:59:47","slug":"mxa-mma-boxing-mixed-station","status":"publish","type":"product","link":"https:\/\/seedoosports.com\/fr\/mma-cages\/mxa-mma-boxing-mixed-station\/","title":{"rendered":"MXA MMA Boxe Station mixte"},"content":{"rendered":"","protected":false},"excerpt":{"rendered":"<p>MXA est une station d'entra\u00eenement mixte de boxe et de MMA, avec un ring de boxe int\u00e9gr\u00e9, un syst\u00e8me de piste et une salle d'entra\u00eenement MMA. La premi\u00e8re salle est une cage de MMA avec 16 sacs de frappe. Le deuxi\u00e8me est la salle de la cage MMA et le ring de boxe relevable avec une matrice de stockage de sacs de frappe. Le troisi\u00e8me est un double ring de boxe relevable avec 28 sacs de frappe qui peuvent \u00eatre stock\u00e9s. Le troisi\u00e8me est un double ring de boxe relevable avec 28 sacs de frappe qui peuvent \u00eatre stock\u00e9s.<\/p>","protected":false},"featured_media":4635,"template":"","meta":{"rank_math_lock_modified_date":false},"product_brand":[],"product_cat":[55],"product_tag":[],"class_list":{"0":"post-4634","1":"product","2":"type-product","3":"status-publish","4":"has-post-thumbnail","6":"product_cat-mma-cages","8":"first","9":"instock","10":"shipping-taxable","11":"product-type-simple"},"_links":{"self":[{"href":"https:\/\/seedoosports.com\/fr\/wp-json\/wp\/v2\/product\/4634","targetHints":{"allow":["GET"]}}],"collection":[{"href":"https:\/\/seedoosports.com\/fr\/wp-json\/wp\/v2\/product"}],"about":[{"href":"https:\/\/seedoosports.com\/fr\/wp-json\/wp\/v2\/types\/product"}],"wp:featuredmedia":[{"embeddable":true,"href":"https:\/\/seedoosports.com\/fr\/wp-json\/wp\/v2\/media\/4635"}],"wp:attachment":[{"href":"https:\/\/seedoosports.com\/fr\/wp-json\/wp\/v2\/media?parent=4634"}],"wp:term":[{"taxonomy":"product_brand","embeddable":true,"href":"https:\/\/seedoosports.com\/fr\/wp-json\/wp\/v2\/product_brand?post=4634"},{"taxonomy":"product_cat","embeddable":true,"href":"https:\/\/seedoosports.com\/fr\/wp-json\/wp\/v2\/product_cat?post=4634"},{"taxonomy":"product_tag","embeddable":true,"href":"https:\/\/seedoosports.com\/fr\/wp-json\/wp\/v2\/product_tag?post=4634"}],"curies":[{"name":"wp","href":"https:\/\/api.w.org\/{rel}","templated":true}]}}