{"id":4566,"date":"2024-09-19T18:37:37","date_gmt":"2024-09-19T10:37:37","guid":{"rendered":"https:\/\/seedoosports.com\/?post_type=product&#038;p=4566"},"modified":"2024-09-19T18:37:37","modified_gmt":"2024-09-19T10:37:37","slug":"focus-pad","status":"publish","type":"product","link":"https:\/\/seedoosports.com\/fr\/boxing-gear\/focus-pad\/","title":{"rendered":"Coussinet de mise au point"},"content":{"rendered":"","protected":false},"excerpt":{"rendered":"<p>Le tapis de boxe est adapt\u00e9 aux mains gauche et droite, avec une manille qui fixe le tapis \u00e0 votre main.<br \/>\nLe dos a une forme de gant qui permet un meilleur contr\u00f4le du coussin et qui est confortable et respirant.<br \/>\nLe tapis de frappe est fabriqu\u00e9 en PU de haute qualit\u00e9 et en mousse de haute densit\u00e9, ce qui permet d'am\u00e9liorer consid\u00e9rablement l'effet de l'entra\u00eenement et de prot\u00e9ger la paume et le poignet du partenaire.<br \/>\nLe coussin est l\u00e9ger et r\u00e9duit la fatigue pendant l'entra\u00eenement.<br \/>\nCon\u00e7u pour l'entra\u00eenement quotidien en karat\u00e9, muay tha\u00ef, boxe, etc.<\/p>","protected":false},"featured_media":4551,"template":"","meta":{"rank_math_lock_modified_date":false},"product_brand":[],"product_cat":[51],"product_tag":[],"class_list":{"0":"post-4566","1":"product","2":"type-product","3":"status-publish","4":"has-post-thumbnail","6":"product_cat-boxing-gear","8":"first","9":"instock","10":"shipping-taxable","11":"product-type-simple"},"_links":{"self":[{"href":"https:\/\/seedoosports.com\/fr\/wp-json\/wp\/v2\/product\/4566","targetHints":{"allow":["GET"]}}],"collection":[{"href":"https:\/\/seedoosports.com\/fr\/wp-json\/wp\/v2\/product"}],"about":[{"href":"https:\/\/seedoosports.com\/fr\/wp-json\/wp\/v2\/types\/product"}],"wp:featuredmedia":[{"embeddable":true,"href":"https:\/\/seedoosports.com\/fr\/wp-json\/wp\/v2\/media\/4551"}],"wp:attachment":[{"href":"https:\/\/seedoosports.com\/fr\/wp-json\/wp\/v2\/media?parent=4566"}],"wp:term":[{"taxonomy":"product_brand","embeddable":true,"href":"https:\/\/seedoosports.com\/fr\/wp-json\/wp\/v2\/product_brand?post=4566"},{"taxonomy":"product_cat","embeddable":true,"href":"https:\/\/seedoosports.com\/fr\/wp-json\/wp\/v2\/product_cat?post=4566"},{"taxonomy":"product_tag","embeddable":true,"href":"https:\/\/seedoosports.com\/fr\/wp-json\/wp\/v2\/product_tag?post=4566"}],"curies":[{"name":"wp","href":"https:\/\/api.w.org\/{rel}","templated":true}]}}