{"id":4565,"date":"2024-09-19T18:36:49","date_gmt":"2024-09-19T10:36:49","guid":{"rendered":"https:\/\/seedoosports.com\/?post_type=product&#038;p=4565"},"modified":"2024-09-19T18:38:22","modified_gmt":"2024-09-19T10:38:22","slug":"body-belly-protectior","status":"publish","type":"product","link":"https:\/\/seedoosports.com\/fr\/boxing-gear\/body-belly-protectior\/","title":{"rendered":"Protection du corps et du ventre"},"content":{"rendered":"<p>Mat\u00e9riau ext\u00e9rieur : PU<br \/>\nMat\u00e9riau int\u00e9rieur : PE, fibre de polyester, FPE, EVA<br \/>\nTaille\uff1aUne taille pour la plupart des gens<br \/>\nUtilisateurs : Boxe, Sanda, Muay Thai<\/p>","protected":false},"excerpt":{"rendered":"<p>Les protections ventrales sont fabriqu\u00e9es en cuir PU de haute qualit\u00e9 et en rembourrage haute densit\u00e9 pour une protection suppl\u00e9mentaire et pour disperser les chocs avant qu'ils n'atteignent le porteur.<br \/>\nLe design anatomique incurv\u00e9 pour un confort ultime lors de l'entra\u00eenement, l'\u00e9quipement d'entra\u00eenement id\u00e9al pour le Muay Thai, la boxe, le kickboxing et le MMA avec une fermeture \u00e0 crochets et \u00e0 boucles.<br \/>\nCes articles sont parfaits pour s'entra\u00eener aux coups de pied de face, aux coups de pied et aux coups de genou.<br \/>\nLe prot\u00e8ge-ventre offre une protection compl\u00e8te du tronc lors de l'entra\u00eenement et de l'enseignement du portefeuille de coups de pied.<br \/>\nCon\u00e7u pour offrir une meilleure protection de la zone de l'aine, les couches de mousse sont con\u00e7ues pour une meilleure absorption des chocs.<\/p>","protected":false},"featured_media":4546,"template":"","meta":{"rank_math_lock_modified_date":false},"product_brand":[],"product_cat":[51],"product_tag":[],"class_list":{"0":"post-4565","1":"product","2":"type-product","3":"status-publish","4":"has-post-thumbnail","6":"product_cat-boxing-gear","8":"first","9":"instock","10":"shipping-taxable","11":"product-type-simple"},"_links":{"self":[{"href":"https:\/\/seedoosports.com\/fr\/wp-json\/wp\/v2\/product\/4565","targetHints":{"allow":["GET"]}}],"collection":[{"href":"https:\/\/seedoosports.com\/fr\/wp-json\/wp\/v2\/product"}],"about":[{"href":"https:\/\/seedoosports.com\/fr\/wp-json\/wp\/v2\/types\/product"}],"wp:featuredmedia":[{"embeddable":true,"href":"https:\/\/seedoosports.com\/fr\/wp-json\/wp\/v2\/media\/4546"}],"wp:attachment":[{"href":"https:\/\/seedoosports.com\/fr\/wp-json\/wp\/v2\/media?parent=4565"}],"wp:term":[{"taxonomy":"product_brand","embeddable":true,"href":"https:\/\/seedoosports.com\/fr\/wp-json\/wp\/v2\/product_brand?post=4565"},{"taxonomy":"product_cat","embeddable":true,"href":"https:\/\/seedoosports.com\/fr\/wp-json\/wp\/v2\/product_cat?post=4565"},{"taxonomy":"product_tag","embeddable":true,"href":"https:\/\/seedoosports.com\/fr\/wp-json\/wp\/v2\/product_tag?post=4565"}],"curies":[{"name":"wp","href":"https:\/\/api.w.org\/{rel}","templated":true}]}}