{"id":4563,"date":"2024-09-19T18:34:21","date_gmt":"2024-09-19T10:34:21","guid":{"rendered":"https:\/\/seedoosports.com\/?post_type=product&#038;p=4563"},"modified":"2024-09-19T18:38:46","modified_gmt":"2024-09-19T10:38:46","slug":"hand-wraps","status":"publish","type":"product","link":"https:\/\/seedoosports.com\/fr\/boxing-gear\/hand-wraps\/","title":{"rendered":"Manchons \u00e0 main"},"content":{"rendered":"<p>Mati\u00e8re : Coton, nylon<br \/>\nCouleur : rouge, blanc, noir<br \/>\nTaille : 5cm*300cm 5cm*450cm<br \/>\nUtilisateurs : Boxe, Sanda, Muay Thai, MMA et autres sports<\/p>","protected":false},"excerpt":{"rendered":"<p>Con\u00e7u \u00e0 partir d'un m\u00e9lange parfait de coton et d'\u00e9lasthanne sans latex, il offre l'\u00e9lasticit\u00e9 exacte dont vous avez besoin. Pas trop extensible, pas trop peu, et un toucher ultra doux.<br \/>\nAJUSTEMENT ET SENTIMENT : Le syst\u00e8me de fermeture \u00e0 boucle et crochet extra-large avec une boucle pour le pouce et l'\u00e9tiquette \"THIS SIDE UP\" garantissent un ajustement s\u00fbr et personnalis\u00e9 \u00e0 chaque fois que vous vous entra\u00eenez.<br \/>\nINSTRUCTIONS D'ENTRETIEN : Nos enveloppes pour les mains peuvent \u00eatre lav\u00e9es et s\u00e9ch\u00e9es au lave-linge et au s\u00e8che-linge. Il est recommand\u00e9 d'utiliser un sac en filet et de laver avec des couleurs similaires.<br \/>\nQue vous vous entra\u00eeniez au MMA, \u00e0 la boxe, au Muay Thai, au Kickboxing ou au Krav Maga, ces enveloppes pour les mains sont indispensables.<\/p>","protected":false},"featured_media":4556,"template":"","meta":{"rank_math_lock_modified_date":false},"product_brand":[],"product_cat":[51],"product_tag":[],"class_list":{"0":"post-4563","1":"product","2":"type-product","3":"status-publish","4":"has-post-thumbnail","6":"product_cat-boxing-gear","8":"first","9":"instock","10":"shipping-taxable","11":"product-type-simple"},"_links":{"self":[{"href":"https:\/\/seedoosports.com\/fr\/wp-json\/wp\/v2\/product\/4563","targetHints":{"allow":["GET"]}}],"collection":[{"href":"https:\/\/seedoosports.com\/fr\/wp-json\/wp\/v2\/product"}],"about":[{"href":"https:\/\/seedoosports.com\/fr\/wp-json\/wp\/v2\/types\/product"}],"wp:featuredmedia":[{"embeddable":true,"href":"https:\/\/seedoosports.com\/fr\/wp-json\/wp\/v2\/media\/4556"}],"wp:attachment":[{"href":"https:\/\/seedoosports.com\/fr\/wp-json\/wp\/v2\/media?parent=4563"}],"wp:term":[{"taxonomy":"product_brand","embeddable":true,"href":"https:\/\/seedoosports.com\/fr\/wp-json\/wp\/v2\/product_brand?post=4563"},{"taxonomy":"product_cat","embeddable":true,"href":"https:\/\/seedoosports.com\/fr\/wp-json\/wp\/v2\/product_cat?post=4563"},{"taxonomy":"product_tag","embeddable":true,"href":"https:\/\/seedoosports.com\/fr\/wp-json\/wp\/v2\/product_tag?post=4563"}],"curies":[{"name":"wp","href":"https:\/\/api.w.org\/{rel}","templated":true}]}}