{"id":4562,"date":"2024-09-19T18:33:24","date_gmt":"2024-09-19T10:33:24","guid":{"rendered":"https:\/\/seedoosports.com\/?post_type=product&#038;p=4562"},"modified":"2024-09-19T18:38:52","modified_gmt":"2024-09-19T10:38:52","slug":"mitts","status":"publish","type":"product","link":"https:\/\/seedoosports.com\/fr\/boxing-gear\/mitts\/","title":{"rendered":"Moufles"},"content":{"rendered":"<p>Tissu ext\u00e9rieur : PU<br \/>\nDoublure int\u00e9rieure : fibre de polyester<br \/>\nMat\u00e9riau du rev\u00eatement int\u00e9rieur : PE, polyur\u00e9thane, FPE, EVA<br \/>\nTaille : 30CM*18CM*13.5CM<br \/>\nUtilisateurs : Boxe, Sanda, Muay Thai, combats, etc.<\/p>","protected":false},"excerpt":{"rendered":"<p>Une excellente activit\u00e9 physique : Polyvalentes et faciles \u00e0 transporter, les mitaines focus peuvent vous aider \u00e0 d\u00e9velopper rapidement d'excellentes comp\u00e9tences en mati\u00e8re de coups de poing et de d\u00e9fense. Si vous souhaitez am\u00e9liorer votre jeu de jambes, votre pr\u00e9cision et votre synchronisation, ces mitaines sont indispensables.<br \/>\nSurface en similicuir : surface lisse en cuir PU de haute qualit\u00e9, douce et confortable, non toxique. L'ourlet est dot\u00e9 d'un fil de nylon solide qui emp\u00eache le rembourrage de se gonfler. Les excellentes coutures durables sont r\u00e9alis\u00e9es hors ligne pour une construction durable.<br \/>\nTaille unique : 30CM*18CM*13,5CM, suffisant pour une grande main. La sangle de poignet ajustable avec velcro au dos permet de s'adapter \u00e0 la plupart des mains.<br \/>\nPolyvalent : id\u00e9al pour le Kickboxing, le Karat\u00e9 Muay Thai Kick, le Sparring, le Dojo, les arts martiaux, le Cardio et d'autres pratiques de combat ou de frappe.<\/p>","protected":false},"featured_media":4536,"template":"","meta":{"rank_math_lock_modified_date":false},"product_brand":[],"product_cat":[51],"product_tag":[],"class_list":{"0":"post-4562","1":"product","2":"type-product","3":"status-publish","4":"has-post-thumbnail","6":"product_cat-boxing-gear","8":"first","9":"instock","10":"shipping-taxable","11":"product-type-simple"},"_links":{"self":[{"href":"https:\/\/seedoosports.com\/fr\/wp-json\/wp\/v2\/product\/4562","targetHints":{"allow":["GET"]}}],"collection":[{"href":"https:\/\/seedoosports.com\/fr\/wp-json\/wp\/v2\/product"}],"about":[{"href":"https:\/\/seedoosports.com\/fr\/wp-json\/wp\/v2\/types\/product"}],"wp:featuredmedia":[{"embeddable":true,"href":"https:\/\/seedoosports.com\/fr\/wp-json\/wp\/v2\/media\/4536"}],"wp:attachment":[{"href":"https:\/\/seedoosports.com\/fr\/wp-json\/wp\/v2\/media?parent=4562"}],"wp:term":[{"taxonomy":"product_brand","embeddable":true,"href":"https:\/\/seedoosports.com\/fr\/wp-json\/wp\/v2\/product_brand?post=4562"},{"taxonomy":"product_cat","embeddable":true,"href":"https:\/\/seedoosports.com\/fr\/wp-json\/wp\/v2\/product_cat?post=4562"},{"taxonomy":"product_tag","embeddable":true,"href":"https:\/\/seedoosports.com\/fr\/wp-json\/wp\/v2\/product_tag?post=4562"}],"curies":[{"name":"wp","href":"https:\/\/api.w.org\/{rel}","templated":true}]}}