{"id":4561,"date":"2024-09-19T18:30:44","date_gmt":"2024-09-19T10:30:44","guid":{"rendered":"https:\/\/seedoosports.com\/?post_type=product&#038;p=4561"},"modified":"2024-09-19T18:38:57","modified_gmt":"2024-09-19T10:38:57","slug":"focus-mitts-2","status":"publish","type":"product","link":"https:\/\/seedoosports.com\/fr\/boxing-gear\/focus-mitts-2\/","title":{"rendered":"Mitaines Focus"},"content":{"rendered":"<p>Mat\u00e9riau : Tissu PU personnalis\u00e9, rev\u00eatement int\u00e9rieur en composite<br \/>\n100% fibre de polyester<br \/>\nCouleur : noir gris\u00e2tre<br \/>\nUtilisateurs : Boxe \/ MMA \/ Sanda \/ Muay Thai<br \/>\nTaille : 20cm X 18cm<br \/>\n\u00c9paisseur : 3.5cm<br \/>\nPoids : environ 158g<\/p>","protected":false},"excerpt":{"rendered":"<p>Additional finger cover for comfort and protection.<br \/>\nSuper soft, extra thick wrist cover on rear envelopes the hand and keeps mitts securely on trainer.<br \/>\nFoam padding offers the perfect amount of shock absorption.<br \/>\nMicro-sized mitts offer the most elite of athletes precision punching targets for razor sharpness.<br \/>\nAwesome curved design is more anatomically correct for user and coach.<\/p>","protected":false},"featured_media":4548,"template":"","meta":{"rank_math_lock_modified_date":false},"product_brand":[],"product_cat":[51],"product_tag":[],"class_list":{"0":"post-4561","1":"product","2":"type-product","3":"status-publish","4":"has-post-thumbnail","6":"product_cat-boxing-gear","8":"first","9":"instock","10":"shipping-taxable","11":"product-type-simple"},"_links":{"self":[{"href":"https:\/\/seedoosports.com\/fr\/wp-json\/wp\/v2\/product\/4561","targetHints":{"allow":["GET"]}}],"collection":[{"href":"https:\/\/seedoosports.com\/fr\/wp-json\/wp\/v2\/product"}],"about":[{"href":"https:\/\/seedoosports.com\/fr\/wp-json\/wp\/v2\/types\/product"}],"wp:featuredmedia":[{"embeddable":true,"href":"https:\/\/seedoosports.com\/fr\/wp-json\/wp\/v2\/media\/4548"}],"wp:attachment":[{"href":"https:\/\/seedoosports.com\/fr\/wp-json\/wp\/v2\/media?parent=4561"}],"wp:term":[{"taxonomy":"product_brand","embeddable":true,"href":"https:\/\/seedoosports.com\/fr\/wp-json\/wp\/v2\/product_brand?post=4561"},{"taxonomy":"product_cat","embeddable":true,"href":"https:\/\/seedoosports.com\/fr\/wp-json\/wp\/v2\/product_cat?post=4561"},{"taxonomy":"product_tag","embeddable":true,"href":"https:\/\/seedoosports.com\/fr\/wp-json\/wp\/v2\/product_tag?post=4561"}],"curies":[{"name":"wp","href":"https:\/\/api.w.org\/{rel}","templated":true}]}}