{"id":4534,"date":"2024-09-19T18:28:43","date_gmt":"2024-09-19T10:28:43","guid":{"rendered":"https:\/\/seedoosports.com\/?post_type=product&#038;p=4534"},"modified":"2024-09-19T18:39:04","modified_gmt":"2024-09-19T10:39:04","slug":"boxing-wall-target","status":"publish","type":"product","link":"https:\/\/seedoosports.com\/fr\/boxing-gear\/boxing-wall-target\/","title":{"rendered":"Cible murale de boxe"},"content":{"rendered":"<p>Mati\u00e8re : Microfibre<br \/>\nFlexibilit\u00e9 : Hauteur r\u00e9glable<br \/>\nCouleur : rouge, noir, couleur personnalis\u00e9e<\/p>","protected":false},"excerpt":{"rendered":"<p>Mat\u00e9riaux de haute qualit\u00e9 : Fabriqu\u00e9 en PU de haute qualit\u00e9, avec une structure en acier robuste et un moulage par pulv\u00e9risation, ainsi qu'en \u00e9ponge haute densit\u00e9 et en mat\u00e9riaux de remplissage EVA, il est durable et absorbant.<br \/>\nR\u00e9glable : La conception de la fixation murale, \u00e9quip\u00e9e de 4 trous, peut \u00eatre facilement et en toute s\u00e9curit\u00e9 fix\u00e9e au mur, et peut \u00eatre ajust\u00e9e vers le haut et vers le bas.<br \/>\nLarge application : Convient \u00e0 l'entra\u00eenement en salle, ainsi qu'\u00e0 l'utilisation domestique et \u00e0 l'entra\u00eenement, pour pratiquer les uppercuts, les crochets, les coups de genou, les coups de coude et d'autres techniques de boxe.<\/p>","protected":false},"featured_media":4542,"template":"","meta":{"rank_math_lock_modified_date":false},"product_brand":[],"product_cat":[51],"product_tag":[],"class_list":{"0":"post-4534","1":"product","2":"type-product","3":"status-publish","4":"has-post-thumbnail","6":"product_cat-boxing-gear","8":"first","9":"instock","10":"shipping-taxable","11":"product-type-simple"},"_links":{"self":[{"href":"https:\/\/seedoosports.com\/fr\/wp-json\/wp\/v2\/product\/4534","targetHints":{"allow":["GET"]}}],"collection":[{"href":"https:\/\/seedoosports.com\/fr\/wp-json\/wp\/v2\/product"}],"about":[{"href":"https:\/\/seedoosports.com\/fr\/wp-json\/wp\/v2\/types\/product"}],"wp:featuredmedia":[{"embeddable":true,"href":"https:\/\/seedoosports.com\/fr\/wp-json\/wp\/v2\/media\/4542"}],"wp:attachment":[{"href":"https:\/\/seedoosports.com\/fr\/wp-json\/wp\/v2\/media?parent=4534"}],"wp:term":[{"taxonomy":"product_brand","embeddable":true,"href":"https:\/\/seedoosports.com\/fr\/wp-json\/wp\/v2\/product_brand?post=4534"},{"taxonomy":"product_cat","embeddable":true,"href":"https:\/\/seedoosports.com\/fr\/wp-json\/wp\/v2\/product_cat?post=4534"},{"taxonomy":"product_tag","embeddable":true,"href":"https:\/\/seedoosports.com\/fr\/wp-json\/wp\/v2\/product_tag?post=4534"}],"curies":[{"name":"wp","href":"https:\/\/api.w.org\/{rel}","templated":true}]}}