{"id":3993,"date":"2024-06-24T18:13:53","date_gmt":"2024-06-24T10:13:53","guid":{"rendered":"https:\/\/seedoosports.com\/?post_type=product&#038;p=3993"},"modified":"2024-09-25T15:26:20","modified_gmt":"2024-09-25T07:26:20","slug":"mma-cage-panels","status":"publish","type":"product","link":"https:\/\/seedoosports.com\/fr\/mma-cages\/mma-cage-panels\/","title":{"rendered":"Panneaux de cage MMA"},"content":{"rendered":"<p>En tant que fabricant, nous vous permettons de personnaliser la couleur et le logo.<\/p>\n<p>cage mma taille du panneau :<br \/>\nHauteur : 0,9 m, 1,2 m, 1,5 m, 1,8 m<br \/>\nLongueur : 0,5m-3,5m<\/p>","protected":false},"excerpt":{"rendered":"<p>Les panneaux de cage de mma de SEEDOO sont con\u00e7us pour la fonctionnalit\u00e9 de nos centres d'entra\u00eenement Impact sans les restrictions topographiques, mais avec la fonctionnalit\u00e9 suppl\u00e9mentaire des poteaux de montage. Les panneaux peuvent \u00eatre associ\u00e9s aux murs et aux colonnes de votre salle de sport afin de maximiser l'\u00e9conomie d'espace.<br \/>\nGr\u00e2ce \u00e0 la flexibilit\u00e9 du filet de la cage, il peut \u00eatre raisonnablement enferm\u00e9 dans la forme que vous souhaitez, ce qui peut vous aider \u00e0 \u00e9conomiser de l'espace et des d\u00e9penses.<br \/>\nDans tous les cas, l'utilisation raisonnable de filets-cages peut am\u00e9liorer l'utilisation de votre espace, et nous pouvons vous fournir un plan en 3D. Nous disposons de notre propre usine de transformation pour garantir la qualit\u00e9 et la s\u00e9curit\u00e9 des produits, et nous fournissons de l'aide et des suggestions pour l'ensemble du processus, de l'ouverture \u00e0 l'exploitation.<\/p>","protected":false},"featured_media":4003,"template":"","meta":{"rank_math_lock_modified_date":false},"product_brand":[],"product_cat":[55],"product_tag":[],"class_list":{"0":"post-3993","1":"product","2":"type-product","3":"status-publish","4":"has-post-thumbnail","6":"product_cat-mma-cages","8":"first","9":"instock","10":"shipping-taxable","11":"product-type-simple"},"_links":{"self":[{"href":"https:\/\/seedoosports.com\/fr\/wp-json\/wp\/v2\/product\/3993","targetHints":{"allow":["GET"]}}],"collection":[{"href":"https:\/\/seedoosports.com\/fr\/wp-json\/wp\/v2\/product"}],"about":[{"href":"https:\/\/seedoosports.com\/fr\/wp-json\/wp\/v2\/types\/product"}],"wp:featuredmedia":[{"embeddable":true,"href":"https:\/\/seedoosports.com\/fr\/wp-json\/wp\/v2\/media\/4003"}],"wp:attachment":[{"href":"https:\/\/seedoosports.com\/fr\/wp-json\/wp\/v2\/media?parent=3993"}],"wp:term":[{"taxonomy":"product_brand","embeddable":true,"href":"https:\/\/seedoosports.com\/fr\/wp-json\/wp\/v2\/product_brand?post=3993"},{"taxonomy":"product_cat","embeddable":true,"href":"https:\/\/seedoosports.com\/fr\/wp-json\/wp\/v2\/product_cat?post=3993"},{"taxonomy":"product_tag","embeddable":true,"href":"https:\/\/seedoosports.com\/fr\/wp-json\/wp\/v2\/product_tag?post=3993"}],"curies":[{"name":"wp","href":"https:\/\/api.w.org\/{rel}","templated":true}]}}