{"id":3967,"date":"2024-06-13T18:45:05","date_gmt":"2024-06-13T10:45:05","guid":{"rendered":"https:\/\/seedoosports.com\/?post_type=product&#038;p=3967"},"modified":"2024-06-13T18:51:16","modified_gmt":"2024-06-13T10:51:16","slug":"heavy-boxing-bag-180","status":"publish","type":"product","link":"https:\/\/seedoosports.com\/fr\/punching-bags\/heavy-boxing-bag-180\/","title":{"rendered":"Sac de boxe lourd 180cm"},"content":{"rendered":"","protected":false},"excerpt":{"rendered":"<ul>\n<li>Tissu en cuir balistique T-Flex, imperm\u00e9able, r\u00e9sistant aux UV, ignifuge, r\u00e9sistant \u00e0 la moisissure, inhibant la croissance bact\u00e9rienne. R\u00e9sistance \u00e0 la d\u00e9chirure \u2265 2500N ;<\/li>\n<li>\u00c9quip\u00e9 d'une technologie d'impression laser, il permet une personnalisation pouss\u00e9e ;<\/li>\n<li>\u00c9quip\u00e9 d'une technologie de remplissage \u00e0 pression variable continue en trois \u00e9tapes, excellent retour d'information sur la frappe ;<\/li>\n<li>Le remplissage est test\u00e9 par ultrasons \u00e0 infrarouge lointain pour \u00e9liminer les corps \u00e9trangers m\u00e9talliques et am\u00e9liorer la s\u00e9curit\u00e9 ;<\/li>\n<li>La taille et la conception de l'impression permettent une personnalisation pouss\u00e9e, avec des rendus gratuits ;<\/li>\n<\/ul>","protected":false},"featured_media":3977,"template":"","meta":{"rank_math_lock_modified_date":false},"product_brand":[],"product_cat":[69],"product_tag":[],"class_list":{"0":"post-3967","1":"product","2":"type-product","3":"status-publish","4":"has-post-thumbnail","6":"product_cat-punching-bags","8":"first","9":"instock","10":"shipping-taxable","11":"product-type-simple"},"_links":{"self":[{"href":"https:\/\/seedoosports.com\/fr\/wp-json\/wp\/v2\/product\/3967","targetHints":{"allow":["GET"]}}],"collection":[{"href":"https:\/\/seedoosports.com\/fr\/wp-json\/wp\/v2\/product"}],"about":[{"href":"https:\/\/seedoosports.com\/fr\/wp-json\/wp\/v2\/types\/product"}],"wp:featuredmedia":[{"embeddable":true,"href":"https:\/\/seedoosports.com\/fr\/wp-json\/wp\/v2\/media\/3977"}],"wp:attachment":[{"href":"https:\/\/seedoosports.com\/fr\/wp-json\/wp\/v2\/media?parent=3967"}],"wp:term":[{"taxonomy":"product_brand","embeddable":true,"href":"https:\/\/seedoosports.com\/fr\/wp-json\/wp\/v2\/product_brand?post=3967"},{"taxonomy":"product_cat","embeddable":true,"href":"https:\/\/seedoosports.com\/fr\/wp-json\/wp\/v2\/product_cat?post=3967"},{"taxonomy":"product_tag","embeddable":true,"href":"https:\/\/seedoosports.com\/fr\/wp-json\/wp\/v2\/product_tag?post=3967"}],"curies":[{"name":"wp","href":"https:\/\/api.w.org\/{rel}","templated":true}]}}