{"id":3913,"date":"2024-06-08T11:12:28","date_gmt":"2024-06-08T03:12:28","guid":{"rendered":"https:\/\/seedoosports.com\/?post_type=product&#038;p=3913"},"modified":"2024-06-08T12:30:00","modified_gmt":"2024-06-08T04:30:00","slug":"combination-track-boxing-bag-rack","status":"publish","type":"product","link":"https:\/\/seedoosports.com\/fr\/punching-bag-track-system\/combination-track-boxing-bag-rack\/","title":{"rendered":"Porte-bagages de boxe \u00e0 rail combin\u00e9"},"content":{"rendered":"","protected":false},"excerpt":{"rendered":"<p>Il s'agit d'un stand d'entra\u00eenement combin\u00e9 qui associe l'entra\u00eenement collectif de fitness et l'entra\u00eenement de boxe. Le stand est \u00e9quip\u00e9 d'une \u00e9chelle d'escalade et d'un syst\u00e8me de rails, qui peuvent \u00eatre utilis\u00e9s pour l'entra\u00eenement physique. L'extension du sac de sable permet de s'entra\u00eener \u00e0 la boxe et le stockage du sac de sable lib\u00e8re de l'espace. La taille de l'installation peut \u00eatre personnalis\u00e9e en fonction de la taille du site, et la conception modulaire peut \u00eatre combin\u00e9e en fonction du site.<\/p>","protected":false},"featured_media":3914,"template":"","meta":{"rank_math_lock_modified_date":false},"product_brand":[],"product_cat":[53],"product_tag":[],"class_list":{"0":"post-3913","1":"product","2":"type-product","3":"status-publish","4":"has-post-thumbnail","6":"product_cat-punching-bag-track-system","8":"first","9":"instock","10":"shipping-taxable","11":"product-type-simple"},"_links":{"self":[{"href":"https:\/\/seedoosports.com\/fr\/wp-json\/wp\/v2\/product\/3913","targetHints":{"allow":["GET"]}}],"collection":[{"href":"https:\/\/seedoosports.com\/fr\/wp-json\/wp\/v2\/product"}],"about":[{"href":"https:\/\/seedoosports.com\/fr\/wp-json\/wp\/v2\/types\/product"}],"wp:featuredmedia":[{"embeddable":true,"href":"https:\/\/seedoosports.com\/fr\/wp-json\/wp\/v2\/media\/3914"}],"wp:attachment":[{"href":"https:\/\/seedoosports.com\/fr\/wp-json\/wp\/v2\/media?parent=3913"}],"wp:term":[{"taxonomy":"product_brand","embeddable":true,"href":"https:\/\/seedoosports.com\/fr\/wp-json\/wp\/v2\/product_brand?post=3913"},{"taxonomy":"product_cat","embeddable":true,"href":"https:\/\/seedoosports.com\/fr\/wp-json\/wp\/v2\/product_cat?post=3913"},{"taxonomy":"product_tag","embeddable":true,"href":"https:\/\/seedoosports.com\/fr\/wp-json\/wp\/v2\/product_tag?post=3913"}],"curies":[{"name":"wp","href":"https:\/\/api.w.org\/{rel}","templated":true}]}}