{"id":3726,"date":"2024-05-28T10:49:20","date_gmt":"2024-05-28T02:49:20","guid":{"rendered":"https:\/\/seedoosports.com\/?post_type=product&#038;p=3726"},"modified":"2024-10-28T17:42:07","modified_gmt":"2024-10-28T09:42:07","slug":"pro-official-octagon-mma-cage-complete","status":"publish","type":"product","link":"https:\/\/seedoosports.com\/fr\/mma-cages\/pro-official-octagon-mma-cage-complete\/","title":{"rendered":"R\u00e8gles UFC PRO Octogone MMA Cage compl\u00e8te"},"content":{"rendered":"<p>L'octogone MMA est fabriqu\u00e9 selon les r\u00e8gles de taille de l'UFC, g\u00e9n\u00e9ralement 30 pieds ou 25 pieds (en 2020, l'UFC a officiellement utilis\u00e9 cette taille pour les \u00e9v\u00e9nements APEX). En tant que fabricant, nous vous proposons \u00e9galement des versions plus petites pour s'adapter \u00e0 la taille de votre salle de sport.<\/p>\n<p>Les r\u00e8gles de l'UFC PRO Octagon MMA comprennent tous les \u00e9l\u00e9ments suivants :<\/p>\n<ul>\n<li>Dimensions : 9,1 m, 7,62 m, 7,3 m, 6,1 m + passerelle<\/li>\n<li>Hauteur du cadre : 1,85m (6ft)<\/li>\n<li>Hauteur du sol 1m(3.2ft)<\/li>\n<li>Passerelle large : 1m(3.2ft)<\/li>\n<li>Mat\u00e9riau du sol : Plancher en contreplaqu\u00e9<\/li>\n<li>Rembourrage du plancher : plancher en mousse<\/li>\n<li>1 ou 2 portes<\/li>\n<li>1 ou 2 escaliers en acier<\/li>\n<li>personnalisation \/ impression de logo disponible sur la couverture<\/li>\n<\/ul>","protected":false},"excerpt":{"rendered":"<p>Cet octogone MMA UFC est une cage de qualit\u00e9 sup\u00e9rieure pour les \u00e9v\u00e9nements MMA ou les salles de sport. Facile \u00e0 assembler et construite pour durer. La cage octogonale UFC n'utilise que les meilleurs mat\u00e9riaux. Elle poss\u00e8de deux panneaux de porte oppos\u00e9s, une passerelle de 1 m de large. Ses parois et ses surfaces rembourr\u00e9es prot\u00e8gent les combattants contre les chutes.<\/p>","protected":false},"featured_media":3749,"template":"","meta":{"rank_math_lock_modified_date":false},"product_brand":[],"product_cat":[55],"product_tag":[],"class_list":{"0":"post-3726","1":"product","2":"type-product","3":"status-publish","4":"has-post-thumbnail","6":"product_cat-mma-cages","8":"first","9":"instock","10":"shipping-taxable","11":"product-type-simple"},"_links":{"self":[{"href":"https:\/\/seedoosports.com\/fr\/wp-json\/wp\/v2\/product\/3726","targetHints":{"allow":["GET"]}}],"collection":[{"href":"https:\/\/seedoosports.com\/fr\/wp-json\/wp\/v2\/product"}],"about":[{"href":"https:\/\/seedoosports.com\/fr\/wp-json\/wp\/v2\/types\/product"}],"wp:featuredmedia":[{"embeddable":true,"href":"https:\/\/seedoosports.com\/fr\/wp-json\/wp\/v2\/media\/3749"}],"wp:attachment":[{"href":"https:\/\/seedoosports.com\/fr\/wp-json\/wp\/v2\/media?parent=3726"}],"wp:term":[{"taxonomy":"product_brand","embeddable":true,"href":"https:\/\/seedoosports.com\/fr\/wp-json\/wp\/v2\/product_brand?post=3726"},{"taxonomy":"product_cat","embeddable":true,"href":"https:\/\/seedoosports.com\/fr\/wp-json\/wp\/v2\/product_cat?post=3726"},{"taxonomy":"product_tag","embeddable":true,"href":"https:\/\/seedoosports.com\/fr\/wp-json\/wp\/v2\/product_tag?post=3726"}],"curies":[{"name":"wp","href":"https:\/\/api.w.org\/{rel}","templated":true}]}}