{"id":3715,"date":"2024-05-27T11:50:16","date_gmt":"2024-05-27T03:50:16","guid":{"rendered":"https:\/\/seedoosports.com\/?post_type=product&#038;p=3715"},"modified":"2024-09-24T18:10:32","modified_gmt":"2024-09-24T10:10:32","slug":"seedoo-custom-boxing-ring","status":"publish","type":"product","link":"https:\/\/seedoosports.com\/fr\/boxing-rings\/seedoo-custom-boxing-ring\/","title":{"rendered":"Ring de boxe professionnel sur mesure"},"content":{"rendered":"<p>Le ring de boxe professionnel personnalis\u00e9 comprend tous les \u00e9l\u00e9ments suivants :<\/p>\n<ul>\n<li>Taille ext\u00e9rieure : 3,5(11,5ft), 4m(13,1ft), 4,88m(16ft), 6,1m(20ft) ,7,3m(24ft), 7,8m(25ft)<\/li>\n<li>hauteur de la plate-forme : 0,3 m, 0,5 m, 1 m<\/li>\n<li>4 poteaux d'angle en acier lourd<\/li>\n<li>4 coussins d'angle (couleur et logo personnalis\u00e9s)<\/li>\n<li>4 Cordes de ring de boxe<\/li>\n<li>8 s\u00e9parateurs de cordes<\/li>\n<li>Couvertures de Turnbuckle + rembourrage<\/li>\n<li>Couverture en PVC ou en toile (couleurs et logo personnalis\u00e9s)<\/li>\n<li>4 jupes de ring de boxe (couleurs et logo personnalis\u00e9s)<\/li>\n<\/ul>","protected":false},"excerpt":{"rendered":"<p>Le ring de boxe professionnel sur mesure est le premier ring d'entra\u00eenement sur\u00e9lev\u00e9, con\u00e7u pour les gymnases professionnels, les clubs de boxe, les centres d'entra\u00eenement au combat, les clubs de sant\u00e9, les centres de loisirs, les \u00e9coles, l'arm\u00e9e et l'industrie. Le cadre et les poteaux d'angle sont fabriqu\u00e9s avec de l'acier de gros calibre pour r\u00e9sister solidement aux entra\u00eenements quotidiens les plus exigeants, des jeunes aux poids lourds.<\/p>","protected":false},"featured_media":3716,"template":"","meta":{"rank_math_lock_modified_date":false},"product_brand":[],"product_cat":[54],"product_tag":[],"class_list":{"0":"post-3715","1":"product","2":"type-product","3":"status-publish","4":"has-post-thumbnail","6":"product_cat-boxing-rings","8":"first","9":"instock","10":"shipping-taxable","11":"product-type-simple"},"_links":{"self":[{"href":"https:\/\/seedoosports.com\/fr\/wp-json\/wp\/v2\/product\/3715","targetHints":{"allow":["GET"]}}],"collection":[{"href":"https:\/\/seedoosports.com\/fr\/wp-json\/wp\/v2\/product"}],"about":[{"href":"https:\/\/seedoosports.com\/fr\/wp-json\/wp\/v2\/types\/product"}],"wp:featuredmedia":[{"embeddable":true,"href":"https:\/\/seedoosports.com\/fr\/wp-json\/wp\/v2\/media\/3716"}],"wp:attachment":[{"href":"https:\/\/seedoosports.com\/fr\/wp-json\/wp\/v2\/media?parent=3715"}],"wp:term":[{"taxonomy":"product_brand","embeddable":true,"href":"https:\/\/seedoosports.com\/fr\/wp-json\/wp\/v2\/product_brand?post=3715"},{"taxonomy":"product_cat","embeddable":true,"href":"https:\/\/seedoosports.com\/fr\/wp-json\/wp\/v2\/product_cat?post=3715"},{"taxonomy":"product_tag","embeddable":true,"href":"https:\/\/seedoosports.com\/fr\/wp-json\/wp\/v2\/product_tag?post=3715"}],"curies":[{"name":"wp","href":"https:\/\/api.w.org\/{rel}","templated":true}]}}