{"id":3703,"date":"2024-05-24T11:47:55","date_gmt":"2024-05-24T03:47:55","guid":{"rendered":"https:\/\/seedoosports.com\/?post_type=product&#038;p=3703"},"modified":"2024-09-25T15:50:32","modified_gmt":"2024-09-25T07:50:32","slug":"side-mounted-bag-rail","status":"publish","type":"product","link":"https:\/\/seedoosports.com\/fr\/punching-bag-track-system\/side-mounted-bag-rail\/","title":{"rendered":"Rail lat\u00e9ral pour les sacs"},"content":{"rendered":"","protected":false},"excerpt":{"rendered":"<p>Le rail de sac adopte une conception unique de montage lat\u00e9ral, fixant le rail sur le c\u00f4t\u00e9 de la poutre, utilisant pleinement l'espace sur le c\u00f4t\u00e9 de la poutre, sans occuper l'espace du mur ou du sol, ce qui convient aux lieux ou aux m\u00e9nages disposant d'un espace limit\u00e9.<br \/>\nLe sac de frappe est install\u00e9 sur une piste de pr\u00e8s d'un m\u00e8tre de long, et le sac de frappe peut se d\u00e9placer librement sur la piste pour r\u00e9pondre aux besoins d'entra\u00eenement des diff\u00e9rentes positions. La longueur de la piste peut \u00e9galement \u00eatre personnalis\u00e9e, ce qui permet de l'adapter \u00e0 des salles de diff\u00e9rentes tailles.<br \/>\nLa conception du rail permet un ajustement flexible de la position du sac de frappe, ce qui le rend adapt\u00e9 \u00e0 divers projets d'entra\u00eenement de boxe et aux amateurs de boxe de diff\u00e9rentes tailles.<\/p>","protected":false},"featured_media":3885,"template":"","meta":{"rank_math_lock_modified_date":false},"product_brand":[],"product_cat":[53],"product_tag":[],"class_list":{"0":"post-3703","1":"product","2":"type-product","3":"status-publish","4":"has-post-thumbnail","6":"product_cat-punching-bag-track-system","8":"first","9":"instock","10":"shipping-taxable","11":"product-type-simple"},"_links":{"self":[{"href":"https:\/\/seedoosports.com\/fr\/wp-json\/wp\/v2\/product\/3703","targetHints":{"allow":["GET"]}}],"collection":[{"href":"https:\/\/seedoosports.com\/fr\/wp-json\/wp\/v2\/product"}],"about":[{"href":"https:\/\/seedoosports.com\/fr\/wp-json\/wp\/v2\/types\/product"}],"wp:featuredmedia":[{"embeddable":true,"href":"https:\/\/seedoosports.com\/fr\/wp-json\/wp\/v2\/media\/3885"}],"wp:attachment":[{"href":"https:\/\/seedoosports.com\/fr\/wp-json\/wp\/v2\/media?parent=3703"}],"wp:term":[{"taxonomy":"product_brand","embeddable":true,"href":"https:\/\/seedoosports.com\/fr\/wp-json\/wp\/v2\/product_brand?post=3703"},{"taxonomy":"product_cat","embeddable":true,"href":"https:\/\/seedoosports.com\/fr\/wp-json\/wp\/v2\/product_cat?post=3703"},{"taxonomy":"product_tag","embeddable":true,"href":"https:\/\/seedoosports.com\/fr\/wp-json\/wp\/v2\/product_tag?post=3703"}],"curies":[{"name":"wp","href":"https:\/\/api.w.org\/{rel}","templated":true}]}}