{"id":3694,"date":"2024-05-24T11:42:58","date_gmt":"2024-05-24T03:42:58","guid":{"rendered":"https:\/\/seedoosports.com\/?post_type=product&#038;p=3694"},"modified":"2024-09-25T15:53:08","modified_gmt":"2024-09-25T07:53:08","slug":"top-mounted-bag-rail","status":"publish","type":"product","link":"https:\/\/seedoosports.com\/fr\/punching-bag-track-system\/top-mounted-bag-rail\/","title":{"rendered":"Rail de sac mont\u00e9 sur le dessus"},"content":{"rendered":"","protected":false},"excerpt":{"rendered":"<p>Ce rail pour sac de frappe adopte une conception \u00e0 montage par le haut, fixant le rail sous la traverse du toit, utilisant pleinement l'espace du toit et n'occupant pas l'espace du mur et du sol. Il convient aux salles de boxe ou aux m\u00e9nages disposant d'un espace limit\u00e9.<br \/>\nLe sac de frappe est install\u00e9 sur une piste de pr\u00e8s d'un m\u00e8tre, et le sac peut se d\u00e9placer librement le long de la piste pour r\u00e9pondre aux besoins d'entra\u00eenement des diff\u00e9rentes positions. La longueur de la piste peut \u00e9galement \u00eatre personnalis\u00e9e, ce qui permet de s'adapter \u00e0 diff\u00e9rentes tailles de salles.<\/p>","protected":false},"featured_media":3888,"template":"","meta":{"rank_math_lock_modified_date":false},"product_brand":[],"product_cat":[53],"product_tag":[],"class_list":{"0":"post-3694","1":"product","2":"type-product","3":"status-publish","4":"has-post-thumbnail","6":"product_cat-punching-bag-track-system","8":"first","9":"instock","10":"shipping-taxable","11":"product-type-simple"},"_links":{"self":[{"href":"https:\/\/seedoosports.com\/fr\/wp-json\/wp\/v2\/product\/3694","targetHints":{"allow":["GET"]}}],"collection":[{"href":"https:\/\/seedoosports.com\/fr\/wp-json\/wp\/v2\/product"}],"about":[{"href":"https:\/\/seedoosports.com\/fr\/wp-json\/wp\/v2\/types\/product"}],"wp:featuredmedia":[{"embeddable":true,"href":"https:\/\/seedoosports.com\/fr\/wp-json\/wp\/v2\/media\/3888"}],"wp:attachment":[{"href":"https:\/\/seedoosports.com\/fr\/wp-json\/wp\/v2\/media?parent=3694"}],"wp:term":[{"taxonomy":"product_brand","embeddable":true,"href":"https:\/\/seedoosports.com\/fr\/wp-json\/wp\/v2\/product_brand?post=3694"},{"taxonomy":"product_cat","embeddable":true,"href":"https:\/\/seedoosports.com\/fr\/wp-json\/wp\/v2\/product_cat?post=3694"},{"taxonomy":"product_tag","embeddable":true,"href":"https:\/\/seedoosports.com\/fr\/wp-json\/wp\/v2\/product_tag?post=3694"}],"curies":[{"name":"wp","href":"https:\/\/api.w.org\/{rel}","templated":true}]}}