{"id":3489,"date":"2024-04-15T16:51:54","date_gmt":"2024-04-15T08:51:54","guid":{"rendered":"https:\/\/seedoosports.com\/?post_type=product&#038;p=3489"},"modified":"2024-06-05T18:57:25","modified_gmt":"2024-06-05T10:57:25","slug":"function-cross-training-rack-fctr-h","status":"publish","type":"product","link":"https:\/\/seedoosports.com\/fr\/rig-rack\/function-cross-training-rack-fctr-h\/","title":{"rendered":"FCTR-H Function Cross Training Rack"},"content":{"rendered":"<p>Taille de l'emballage : 2710*1140*1060mm 1 caisse en bois 425kg<\/p>","protected":false},"excerpt":{"rendered":"<p>Son installation ne n\u00e9cessite pas de vissage dans le b\u00e2timent, les murs ou le plafond. Il est con\u00e7u pour \u00eatre facilement mont\u00e9 et d\u00e9mont\u00e9, ce qui le rend parfait pour les salles de boxe compactes. Les dimensions des deux c\u00f4t\u00e9s peuvent \u00eatre personnalis\u00e9es en fonction de la largeur du b\u00e2timent, ce qui garantit un ajustement parfait.<br \/>\nLa conception \u00e0 double piste permet au sac de sable de se d\u00e9placer sur deux pistes parall\u00e8les. Cette conception \u00e9largit les options des stagiaires, permettant un entra\u00eenement simultan\u00e9 dans diff\u00e9rentes directions, ce qui conduit \u00e0 des s\u00e9ances d'entra\u00eenement plus diversifi\u00e9es et plus compl\u00e8tes. La conception \u00e0 double piste r\u00e9pond \u00e9galement au besoin de plusieurs utilisateurs de s'entra\u00eener simultan\u00e9ment, ce qui am\u00e9liore l'efficacit\u00e9 de l'entra\u00eenement. En outre, cette conception permet de r\u00e9duire les conflits et les collisions entre les stagiaires, ce qui am\u00e9liore l'exp\u00e9rience globale de l'entra\u00eenement.<\/p>","protected":false},"featured_media":3841,"template":"","meta":{"rank_math_lock_modified_date":false},"product_brand":[],"product_cat":[56],"product_tag":[],"class_list":{"0":"post-3489","1":"product","2":"type-product","3":"status-publish","4":"has-post-thumbnail","6":"product_cat-rig-rack","8":"first","9":"instock","10":"shipping-taxable","11":"product-type-simple"},"_links":{"self":[{"href":"https:\/\/seedoosports.com\/fr\/wp-json\/wp\/v2\/product\/3489","targetHints":{"allow":["GET"]}}],"collection":[{"href":"https:\/\/seedoosports.com\/fr\/wp-json\/wp\/v2\/product"}],"about":[{"href":"https:\/\/seedoosports.com\/fr\/wp-json\/wp\/v2\/types\/product"}],"wp:featuredmedia":[{"embeddable":true,"href":"https:\/\/seedoosports.com\/fr\/wp-json\/wp\/v2\/media\/3841"}],"wp:attachment":[{"href":"https:\/\/seedoosports.com\/fr\/wp-json\/wp\/v2\/media?parent=3489"}],"wp:term":[{"taxonomy":"product_brand","embeddable":true,"href":"https:\/\/seedoosports.com\/fr\/wp-json\/wp\/v2\/product_brand?post=3489"},{"taxonomy":"product_cat","embeddable":true,"href":"https:\/\/seedoosports.com\/fr\/wp-json\/wp\/v2\/product_cat?post=3489"},{"taxonomy":"product_tag","embeddable":true,"href":"https:\/\/seedoosports.com\/fr\/wp-json\/wp\/v2\/product_tag?post=3489"}],"curies":[{"name":"wp","href":"https:\/\/api.w.org\/{rel}","templated":true}]}}