{"id":3468,"date":"2024-04-10T17:05:57","date_gmt":"2024-04-10T09:05:57","guid":{"rendered":"https:\/\/seedoosports.com\/?post_type=product&#038;p=3468"},"modified":"2024-12-24T16:08:41","modified_gmt":"2024-12-24T08:08:41","slug":"foldable-boxing-ring-5x5m","status":"publish","type":"product","link":"https:\/\/seedoosports.com\/fr\/boxing-rings\/foldable-boxing-ring-5x5m\/","title":{"rendered":"Ring de boxe pliable 5x5M"},"content":{"rendered":"<div data-page-id=\"MHWwdiEigoD6YAxjRXOcrr67n4b\" data-docx-has-block-data=\"false\">\n<p>Anneau de boxe pliable brevet\u00e9 con\u00e7u et fabriqu\u00e9 par SEEDOO. Structure en acier de haute qualit\u00e9, facile et rapide \u00e0 assembler. Peut \u00eatre rapidement d\u00e9pli\u00e9 et pli\u00e9, con\u00e7u pour \u00e9conomiser l'espace de la salle de sport et l'espace polyvalent.<\/p>\n<p>Description :<\/p>\n<ul>\n<li>Dimensions ext\u00e9rieures : 5x5m (16.4\u00d716.4 pieds).<\/li>\n<li>Dimensions entre les cordes : 4,2 m (13,7 x 13,7 pieds).<\/li>\n<li>4 poteaux d'angle.<\/li>\n<li>4 c\u00e2bles en vinyle pour la fonction et la durabilit\u00e9, diam\u00e8tre : 50mm, capacit\u00e9 de tension : 2 tonnes, couleur en option.<\/li>\n<li>8 s\u00e9parateurs de corde (couleurs et logo personnalisables).<\/li>\n<li>4 coussins d'angle rembourr\u00e9s (couleurs et logo personnalisables).<\/li>\n<li>En option : Tapis \u00e0 l'int\u00e9rieur de l'anneau (couleurs et logo personnalisables).<\/li>\n<\/ul>\n<p>Taille de l'emballage :<\/p>\n<ul class=\"list-number1\">\n<li class=\"ace-line ace-line old-record-id-CLJ6daKCgoWpsmxuZ3yc4k1BnKg\" data-list=\"number\">\n<div>Caisse en bois : 2370*1130*750mm 350kg<\/div>\n<\/li>\n<li class=\"ace-line ace-line old-record-id-QrmGd8dyJohBdSxDjgDczfQTnyg\" data-list=\"number\">\n<div>Rouleau mat : 2*1550*500mm +1*1850*500mm Total 3 rouleaux 80KG<\/div>\n<\/li>\n<\/ul>\n<\/div>","protected":false},"excerpt":{"rendered":"<p>Ce ring de boxe pliable peut \u00eatre rang\u00e9. Une fois rang\u00e9, il ne couvre qu'une surface de 2,5 m\u00e8tres carr\u00e9s, et deux personnes peuvent effectuer l'op\u00e9ration de pliage et de d\u00e9placement en une minute. Il peut \u00e9galement \u00eatre utilis\u00e9 pour l'entra\u00eenement pratique et les comp\u00e9titions.<\/p>","protected":false},"featured_media":3825,"template":"","meta":{"rank_math_lock_modified_date":false},"product_brand":[],"product_cat":[54],"product_tag":[],"class_list":{"0":"post-3468","1":"product","2":"type-product","3":"status-publish","4":"has-post-thumbnail","6":"product_cat-boxing-rings","8":"first","9":"instock","10":"shipping-taxable","11":"product-type-simple"},"_links":{"self":[{"href":"https:\/\/seedoosports.com\/fr\/wp-json\/wp\/v2\/product\/3468","targetHints":{"allow":["GET"]}}],"collection":[{"href":"https:\/\/seedoosports.com\/fr\/wp-json\/wp\/v2\/product"}],"about":[{"href":"https:\/\/seedoosports.com\/fr\/wp-json\/wp\/v2\/types\/product"}],"wp:featuredmedia":[{"embeddable":true,"href":"https:\/\/seedoosports.com\/fr\/wp-json\/wp\/v2\/media\/3825"}],"wp:attachment":[{"href":"https:\/\/seedoosports.com\/fr\/wp-json\/wp\/v2\/media?parent=3468"}],"wp:term":[{"taxonomy":"product_brand","embeddable":true,"href":"https:\/\/seedoosports.com\/fr\/wp-json\/wp\/v2\/product_brand?post=3468"},{"taxonomy":"product_cat","embeddable":true,"href":"https:\/\/seedoosports.com\/fr\/wp-json\/wp\/v2\/product_cat?post=3468"},{"taxonomy":"product_tag","embeddable":true,"href":"https:\/\/seedoosports.com\/fr\/wp-json\/wp\/v2\/product_tag?post=3468"}],"curies":[{"name":"wp","href":"https:\/\/api.w.org\/{rel}","templated":true}]}}