{"id":2822,"date":"2024-03-29T19:37:34","date_gmt":"2024-03-29T11:37:34","guid":{"rendered":"https:\/\/seedoosports.com\/?post_type=product&#038;p=2822"},"modified":"2024-07-04T18:19:59","modified_gmt":"2024-07-04T10:19:59","slug":"boxing-gloves","status":"publish","type":"product","link":"https:\/\/seedoosports.com\/fr\/boxing-gear\/boxing-gloves\/","title":{"rendered":"Gants de boxe"},"content":{"rendered":"","protected":false},"excerpt":{"rendered":"<p>Le pouce ergonomique est plus protecteur et l'espace raisonnable entre les doigts permet de les saisir sans r\u00e9sistance et de les rel\u00e2cher sans qu'ils soient comprim\u00e9s. La conception g\u00e9n\u00e9rale est conforme \u00e0 l'\u00e9tat naturel du corps humain et enveloppe pr\u00e9cis\u00e9ment le pouce pour \u00e9viter les contusions caus\u00e9es par les coups de poing. Les bandes de protection sont allong\u00e9es et \u00e9paissies pour prot\u00e9ger les poignets des blessures, les pointes des poings ont une \u00e9paisseur de 6 cm et la doublure composite est utilis\u00e9e pour r\u00e9duire consid\u00e9rablement la force d'impact et prot\u00e9ger les articulations des membres. L'int\u00e9rieur en tissu doux et agr\u00e9able \u00e0 la peau prot\u00e8ge les mains des ampoules et des abrasions caus\u00e9es par l'exercice.<\/p>","protected":false},"featured_media":4048,"template":"","meta":{"rank_math_lock_modified_date":false},"product_brand":[],"product_cat":[51],"product_tag":[],"class_list":{"0":"post-2822","1":"product","2":"type-product","3":"status-publish","4":"has-post-thumbnail","6":"product_cat-boxing-gear","8":"first","9":"instock","10":"shipping-taxable","11":"product-type-simple"},"_links":{"self":[{"href":"https:\/\/seedoosports.com\/fr\/wp-json\/wp\/v2\/product\/2822","targetHints":{"allow":["GET"]}}],"collection":[{"href":"https:\/\/seedoosports.com\/fr\/wp-json\/wp\/v2\/product"}],"about":[{"href":"https:\/\/seedoosports.com\/fr\/wp-json\/wp\/v2\/types\/product"}],"wp:featuredmedia":[{"embeddable":true,"href":"https:\/\/seedoosports.com\/fr\/wp-json\/wp\/v2\/media\/4048"}],"wp:attachment":[{"href":"https:\/\/seedoosports.com\/fr\/wp-json\/wp\/v2\/media?parent=2822"}],"wp:term":[{"taxonomy":"product_brand","embeddable":true,"href":"https:\/\/seedoosports.com\/fr\/wp-json\/wp\/v2\/product_brand?post=2822"},{"taxonomy":"product_cat","embeddable":true,"href":"https:\/\/seedoosports.com\/fr\/wp-json\/wp\/v2\/product_cat?post=2822"},{"taxonomy":"product_tag","embeddable":true,"href":"https:\/\/seedoosports.com\/fr\/wp-json\/wp\/v2\/product_tag?post=2822"}],"curies":[{"name":"wp","href":"https:\/\/api.w.org\/{rel}","templated":true}]}}