{"id":2797,"date":"2024-03-28T17:22:12","date_gmt":"2024-03-28T09:22:12","guid":{"rendered":"https:\/\/seedoosports.com\/?post_type=product&#038;p=2797"},"modified":"2024-06-05T18:55:19","modified_gmt":"2024-06-05T10:55:19","slug":"multi-functional-boxing-training-rack-fctr-u","status":"publish","type":"product","link":"https:\/\/seedoosports.com\/fr\/rig-rack\/multi-functional-boxing-training-rack-fctr-u\/","title":{"rendered":"FCTR-U Functional Cross Training Rack"},"content":{"rendered":"<div data-page-id=\"MHWwdiEigoD6YAxjRXOcrr67n4b\" data-docx-has-block-data=\"false\">\n<div class=\"ace-line ace-line old-record-id-Czs6dASjMoPSh8x90a0cm9s4nTh\">Taille de l'emballage : 2710*1140*1060mm 1 caisse en bois 455kg<\/div>\n<\/div>","protected":false},"excerpt":{"rendered":"<p>Il n'est pas n\u00e9cessaire de le fixer au plafond, au mur ou au sol du b\u00e2timent. Il est facile \u00e0 assembler et ne n\u00e9cessite pas l'intervention de techniciens professionnels. Nous esp\u00e9rons que vous et l'instructeur participerez \u00e0 son assemblage et \u00e0 son ach\u00e8vement. \u00c9quip\u00e9 d'un syst\u00e8me de sacs de sable en forme de U, les sacs de sable peuvent \u00eatre d\u00e9pli\u00e9s et stock\u00e9s en fonction des diff\u00e9rents entra\u00eenements. Cette conception am\u00e9liore la stabilit\u00e9 pendant le mouvement, r\u00e9duisant le balancement et offrant un environnement d'entra\u00eenement plus contr\u00f4l\u00e9. Le rail en forme de U guide \u00e9galement le mouvement du sac de sable de mani\u00e8re plus efficace, ce qui permet de frapper la cible avec plus de pr\u00e9cision. En outre, il ajoute un attrait visuel au produit, donnant \u00e0 l'aire d'entra\u00eenement un aspect moderne et professionnel.<\/p>","protected":false},"featured_media":3847,"template":"","meta":{"rank_math_lock_modified_date":false},"product_brand":[],"product_cat":[56],"product_tag":[],"class_list":{"0":"post-2797","1":"product","2":"type-product","3":"status-publish","4":"has-post-thumbnail","6":"product_cat-rig-rack","8":"first","9":"instock","10":"shipping-taxable","11":"product-type-simple"},"_links":{"self":[{"href":"https:\/\/seedoosports.com\/fr\/wp-json\/wp\/v2\/product\/2797","targetHints":{"allow":["GET"]}}],"collection":[{"href":"https:\/\/seedoosports.com\/fr\/wp-json\/wp\/v2\/product"}],"about":[{"href":"https:\/\/seedoosports.com\/fr\/wp-json\/wp\/v2\/types\/product"}],"wp:featuredmedia":[{"embeddable":true,"href":"https:\/\/seedoosports.com\/fr\/wp-json\/wp\/v2\/media\/3847"}],"wp:attachment":[{"href":"https:\/\/seedoosports.com\/fr\/wp-json\/wp\/v2\/media?parent=2797"}],"wp:term":[{"taxonomy":"product_brand","embeddable":true,"href":"https:\/\/seedoosports.com\/fr\/wp-json\/wp\/v2\/product_brand?post=2797"},{"taxonomy":"product_cat","embeddable":true,"href":"https:\/\/seedoosports.com\/fr\/wp-json\/wp\/v2\/product_cat?post=2797"},{"taxonomy":"product_tag","embeddable":true,"href":"https:\/\/seedoosports.com\/fr\/wp-json\/wp\/v2\/product_tag?post=2797"}],"curies":[{"name":"wp","href":"https:\/\/api.w.org\/{rel}","templated":true}]}}