{"id":2796,"date":"2024-03-28T17:20:19","date_gmt":"2024-03-28T09:20:19","guid":{"rendered":"https:\/\/seedoosports.com\/?post_type=product&#038;p=2796"},"modified":"2024-10-21T11:14:30","modified_gmt":"2024-10-21T03:14:30","slug":"mma-station","status":"publish","type":"product","link":"https:\/\/seedoosports.com\/fr\/mma-cages\/mma-station\/","title":{"rendered":"Salle de la cage MMA"},"content":{"rendered":"","protected":false},"excerpt":{"rendered":"<p>Son installation ne n\u00e9cessite pas la destruction des sols, des murs et des plafonds. Il s'agit d'une salle de boxe compl\u00e8te qui int\u00e8gre la cage octogonale, le syst\u00e8me de sacs de sable et le rack d'entra\u00eenement physique. Il n'est pas n\u00e9cessaire de construire des b\u00e2timents correspondants. \u00c9quip\u00e9 d'un syst\u00e8me de sacs de sable orbital, les sacs de sable peuvent \u00eatre facilement d\u00e9plac\u00e9s pour diff\u00e9rents entra\u00eenements ; lorsque les sacs de sable sont stock\u00e9s, l'ensemble de la salle peut \u00eatre utilis\u00e9 pour l'entra\u00eenement physique, la force, l'endurance, le yoga et l'entra\u00eenement technique et tactique au bord de la cage.<\/p>","protected":false},"featured_media":3727,"template":"","meta":{"rank_math_lock_modified_date":false},"product_brand":[],"product_cat":[55],"product_tag":[],"class_list":{"0":"post-2796","1":"product","2":"type-product","3":"status-publish","4":"has-post-thumbnail","6":"product_cat-mma-cages","8":"first","9":"instock","10":"shipping-taxable","11":"product-type-simple"},"_links":{"self":[{"href":"https:\/\/seedoosports.com\/fr\/wp-json\/wp\/v2\/product\/2796","targetHints":{"allow":["GET"]}}],"collection":[{"href":"https:\/\/seedoosports.com\/fr\/wp-json\/wp\/v2\/product"}],"about":[{"href":"https:\/\/seedoosports.com\/fr\/wp-json\/wp\/v2\/types\/product"}],"wp:featuredmedia":[{"embeddable":true,"href":"https:\/\/seedoosports.com\/fr\/wp-json\/wp\/v2\/media\/3727"}],"wp:attachment":[{"href":"https:\/\/seedoosports.com\/fr\/wp-json\/wp\/v2\/media?parent=2796"}],"wp:term":[{"taxonomy":"product_brand","embeddable":true,"href":"https:\/\/seedoosports.com\/fr\/wp-json\/wp\/v2\/product_brand?post=2796"},{"taxonomy":"product_cat","embeddable":true,"href":"https:\/\/seedoosports.com\/fr\/wp-json\/wp\/v2\/product_cat?post=2796"},{"taxonomy":"product_tag","embeddable":true,"href":"https:\/\/seedoosports.com\/fr\/wp-json\/wp\/v2\/product_tag?post=2796"}],"curies":[{"name":"wp","href":"https:\/\/api.w.org\/{rel}","templated":true}]}}