{"id":2795,"date":"2024-03-28T17:19:07","date_gmt":"2024-03-28T09:19:07","guid":{"rendered":"https:\/\/seedoosports.com\/?post_type=product&#038;p=2795"},"modified":"2024-12-24T16:09:40","modified_gmt":"2024-12-24T08:09:40","slug":"liftable-boxing-ring","status":"publish","type":"product","link":"https:\/\/seedoosports.com\/fr\/boxing-rings\/liftable-boxing-ring\/","title":{"rendered":"Anneau de boxe relevable"},"content":{"rendered":"<p>Diam\u00e8tre : 5,1 m<br \/>\nDiam\u00e8tre ext\u00e9rieur de l'anneau : 4,5 m<br \/>\nDiam\u00e8tre int\u00e9rieur de l'anneau (corde) : 3.7m<br \/>\nHauteur : 2,78 m (cible de balle incluse), 2,61 m (cible de balle non incluse).<br \/>\nOption : Speed ball, barre olympique, barre de singe, etc.<br \/>\nRail pour sacs : En option, un c\u00f4t\u00e9 ou 3 c\u00f4t\u00e9s ou tous.<br \/>\nSac de frappe maximum : 8.<br \/>\nOption de couleur : rouge, noir, blanc, bleu.<br \/>\n<span style=\"color: #ff0000;\">Personnalisation du logo de la salle de sport<\/span>.<br \/>\nTaille de l'emballage : 1 caisse en bois 3060*1120*1210mm 850kg<\/p>","protected":false},"excerpt":{"rendered":"<p>Il s'agit d'un centre d'entra\u00eenement de boxe complet qui n'a pas besoin d'\u00eatre associ\u00e9 \u00e0 un autre b\u00e2timent. Le syst\u00e8me comprend un ring de boxe, des sacs de frappe mobiles, des \u00e9chelles d'escalade, des planches de speed bag et d'autres \u00e9quipements pour r\u00e9pondre aux diff\u00e9rents besoins d'entra\u00eenement. Les cordes qui entourent le ring peuvent \u00eatre lev\u00e9es ou abaiss\u00e9es librement, et occupent un espace minimal lorsqu'elles sont lev\u00e9es. Les sacs de frappe peuvent \u00eatre d\u00e9plac\u00e9s en fonction du contenu de l'entra\u00eenement, et il y a \u00e9galement une station d'accueil pour \u00e9tendre les accessoires d'entra\u00eenement.<\/p>","protected":false},"featured_media":4175,"template":"","meta":{"rank_math_lock_modified_date":false},"product_brand":[],"product_cat":[54],"product_tag":[],"class_list":{"0":"post-2795","1":"product","2":"type-product","3":"status-publish","4":"has-post-thumbnail","6":"product_cat-boxing-rings","8":"first","9":"instock","10":"shipping-taxable","11":"product-type-simple"},"_links":{"self":[{"href":"https:\/\/seedoosports.com\/fr\/wp-json\/wp\/v2\/product\/2795","targetHints":{"allow":["GET"]}}],"collection":[{"href":"https:\/\/seedoosports.com\/fr\/wp-json\/wp\/v2\/product"}],"about":[{"href":"https:\/\/seedoosports.com\/fr\/wp-json\/wp\/v2\/types\/product"}],"wp:featuredmedia":[{"embeddable":true,"href":"https:\/\/seedoosports.com\/fr\/wp-json\/wp\/v2\/media\/4175"}],"wp:attachment":[{"href":"https:\/\/seedoosports.com\/fr\/wp-json\/wp\/v2\/media?parent=2795"}],"wp:term":[{"taxonomy":"product_brand","embeddable":true,"href":"https:\/\/seedoosports.com\/fr\/wp-json\/wp\/v2\/product_brand?post=2795"},{"taxonomy":"product_cat","embeddable":true,"href":"https:\/\/seedoosports.com\/fr\/wp-json\/wp\/v2\/product_cat?post=2795"},{"taxonomy":"product_tag","embeddable":true,"href":"https:\/\/seedoosports.com\/fr\/wp-json\/wp\/v2\/product_tag?post=2795"}],"curies":[{"name":"wp","href":"https:\/\/api.w.org\/{rel}","templated":true}]}}