{"id":2788,"date":"2024-03-28T17:18:29","date_gmt":"2024-03-28T09:18:29","guid":{"rendered":"https:\/\/seedoosports.com\/?post_type=product&#038;p=2788"},"modified":"2024-08-27T16:15:45","modified_gmt":"2024-08-27T08:15:45","slug":"foldable-boxing-ring-4x4","status":"publish","type":"product","link":"https:\/\/seedoosports.com\/fr\/boxing-rings\/foldable-boxing-ring-4x4\/","title":{"rendered":"Ring de boxe pliable 4x4M"},"content":{"rendered":"<div data-page-id=\"MHWwdiEigoD6YAxjRXOcrr67n4b\" data-docx-has-block-data=\"false\">\n<p>Anneau de boxe pliable brevet\u00e9 con\u00e7u et fabriqu\u00e9 par SEEDOO. Structure en acier de haute qualit\u00e9, facile et rapide \u00e0 assembler. Peut \u00eatre rapidement d\u00e9pli\u00e9 et pli\u00e9, con\u00e7u pour \u00e9conomiser l'espace de la salle de sport et l'espace polyvalent.<\/p>\n<p>Description :<\/p>\n<ul>\n<li>Dimensions ext\u00e9rieures : 3,85 m (12,6\u00d712,6 pieds).<\/li>\n<li>Dimensions entre les cordes : 3.06m (10\u00d710 pieds).<\/li>\n<li>4 poteaux d'angle.<\/li>\n<li>4 c\u00e2bles en vinyle pour la fonction et la durabilit\u00e9, diam\u00e8tre : 50mm, capacit\u00e9 de tension : 2 tonnes, couleur en option.<\/li>\n<li>8 s\u00e9parateurs de corde (couleurs et logo personnalisables).<\/li>\n<li>4 coussins d'angle rembourr\u00e9s (couleurs et logo personnalisables).<\/li>\n<li>En option : Tapis \u00e0 l'int\u00e9rieur de l'anneau (couleurs et logo personnalisables).<\/li>\n<\/ul>\n<p>Taille de l'emballage :<\/p>\n<ul class=\"list-number1\">\n<li class=\"ace-line ace-line old-record-id-Lv0wdABG4oSBuOxN6cFcdJpwnQh\" data-list=\"number\">\n<div>caisse en bois : 2370*1120*650mm 310kg<\/div>\n<\/li>\n<li class=\"ace-line ace-line old-record-id-FWIBd1VT7oVTtFx9HU0cGtuvnPg\" data-list=\"number\">\n<div>rouleaux de tapis : 1550*500*500mm 1 rouleau de tapis : 1850*500*500mm Poids total : 72kg<\/div>\n<\/li>\n<\/ul>\n<\/div>","protected":false},"excerpt":{"rendered":"<div data-page-id=\"MHWwdiEigoD6YAxjRXOcrr67n4b\" data-docx-has-block-data=\"false\">\n<div class=\"ace-line ace-line old-record-id-OA7kdX9u0oONPuxhQyWchjthn5w\">Si votre GYM est petit, si votre GYM a besoin d'un ring de boxe qui peut \u00eatre d\u00e9plac\u00e9 et stock\u00e9. Choisissez ce ring de boxe qui peut \u00eatre facilement pli\u00e9 par deux filles. Une fois rang\u00e9, il n'occupe qu'une surface de 2,5 m\u00e8tres carr\u00e9s.<\/div>\n<\/div>","protected":false},"featured_media":3829,"template":"","meta":{"rank_math_lock_modified_date":false},"product_brand":[],"product_cat":[54],"product_tag":[],"class_list":{"0":"post-2788","1":"product","2":"type-product","3":"status-publish","4":"has-post-thumbnail","6":"product_cat-boxing-rings","8":"first","9":"instock","10":"shipping-taxable","11":"product-type-simple"},"_links":{"self":[{"href":"https:\/\/seedoosports.com\/fr\/wp-json\/wp\/v2\/product\/2788","targetHints":{"allow":["GET"]}}],"collection":[{"href":"https:\/\/seedoosports.com\/fr\/wp-json\/wp\/v2\/product"}],"about":[{"href":"https:\/\/seedoosports.com\/fr\/wp-json\/wp\/v2\/types\/product"}],"wp:featuredmedia":[{"embeddable":true,"href":"https:\/\/seedoosports.com\/fr\/wp-json\/wp\/v2\/media\/3829"}],"wp:attachment":[{"href":"https:\/\/seedoosports.com\/fr\/wp-json\/wp\/v2\/media?parent=2788"}],"wp:term":[{"taxonomy":"product_brand","embeddable":true,"href":"https:\/\/seedoosports.com\/fr\/wp-json\/wp\/v2\/product_brand?post=2788"},{"taxonomy":"product_cat","embeddable":true,"href":"https:\/\/seedoosports.com\/fr\/wp-json\/wp\/v2\/product_cat?post=2788"},{"taxonomy":"product_tag","embeddable":true,"href":"https:\/\/seedoosports.com\/fr\/wp-json\/wp\/v2\/product_tag?post=2788"}],"curies":[{"name":"wp","href":"https:\/\/api.w.org\/{rel}","templated":true}]}}