{"id":2768,"date":"2024-03-23T17:25:09","date_gmt":"2024-03-23T09:25:09","guid":{"rendered":"https:\/\/seedoosports.com\/?post_type=product&#038;p=2768"},"modified":"2024-09-25T16:08:52","modified_gmt":"2024-09-25T08:08:52","slug":"single-slide-punching-bag-rack","status":"publish","type":"product","link":"https:\/\/seedoosports.com\/fr\/punching-bag-track-system\/single-slide-punching-bag-rack\/","title":{"rendered":"Support de sacs de frappe \u00e0 glissi\u00e8re unique"},"content":{"rendered":"<ul>\n<li>Mat\u00e9riau du rail : Rail de guidage tremp\u00e9 \u00e0 haute r\u00e9sistance en cinq couches, Y S. 257MPa (limite d'\u00e9lasticit\u00e9), T S. 400MPa (r\u00e9sistance \u00e0 la traction).<\/li>\n<li>Vis d'installation : Vis d'expansion M12X120mm, tension de conception de la charge 14,5KN, tension de rupture 43,8KN, peut \u00eatre utilis\u00e9e dans le b\u00e9ton.<\/li>\n<li>Utilis\u00e9e dans le sol (=&gt;C25 b\u00e9ton), la vibration \u00e0 haute fr\u00e9quence n'a pas d'effet d'ameublissement.<\/li>\n<li>Longueur standard du rail : bras simple -1 m\u00e8tre, cantilever -1,5 m\u00e8tre.<\/li>\n<li>Exigences relatives \u00e0 l'installation d'un mur : Le mur doit \u00eatre une structure en b\u00e9ton conforme aux exigences et aux normes de construction, d'une \u00e9paisseur sup\u00e9rieure \u00e0 200 mm (non construit).<\/li>\n<li>Il est recommand\u00e9 de l'installer sur les murs en briques, en particulier les briques l\u00e9g\u00e8res ou creuses.<\/li>\n<\/ul>","protected":false},"excerpt":{"rendered":"<p>Le support de sac de frappe \u00e0 glissi\u00e8re unique a un design compact et peut \u00eatre mont\u00e9 directement sur le mur, ce qui le rend id\u00e9al pour les zones d'entra\u00eenement o\u00f9 l'espace est limit\u00e9. Contrairement aux <a href=\"https:\/\/seedoosports.com\/fr\/punching-bag-track-system\/wall-mounted-bag-rail-bracket\/\">Support mural pour rail de sacs<\/a>Il est fabriqu\u00e9 en acier plus \u00e9pais et poss\u00e8de une base de montage plus large pour assurer sa stabilit\u00e9.<br \/>\nLa conception du rail coulissant est la cl\u00e9 de ce produit. La longueur du rail est de 1 m\u00e8tre, ce qui offre suffisamment d'espace pour les mouvements. Le boxeur peut d\u00e9verrouiller la poulie pour faire sortir le sac de frappe pour l'entra\u00eenement de boxe. Apr\u00e8s l'entra\u00eenement, le sac de frappe peut \u00eatre gliss\u00e9 pr\u00e8s du mur pour \u00e9conomiser de l'espace et garder la zone d'entra\u00eenement propre et organis\u00e9e.<\/p>","protected":false},"featured_media":3886,"template":"","meta":{"rank_math_lock_modified_date":false},"product_brand":[],"product_cat":[53],"product_tag":[],"class_list":{"0":"post-2768","1":"product","2":"type-product","3":"status-publish","4":"has-post-thumbnail","6":"product_cat-punching-bag-track-system","8":"first","9":"instock","10":"shipping-taxable","11":"product-type-simple"},"_links":{"self":[{"href":"https:\/\/seedoosports.com\/fr\/wp-json\/wp\/v2\/product\/2768","targetHints":{"allow":["GET"]}}],"collection":[{"href":"https:\/\/seedoosports.com\/fr\/wp-json\/wp\/v2\/product"}],"about":[{"href":"https:\/\/seedoosports.com\/fr\/wp-json\/wp\/v2\/types\/product"}],"wp:featuredmedia":[{"embeddable":true,"href":"https:\/\/seedoosports.com\/fr\/wp-json\/wp\/v2\/media\/3886"}],"wp:attachment":[{"href":"https:\/\/seedoosports.com\/fr\/wp-json\/wp\/v2\/media?parent=2768"}],"wp:term":[{"taxonomy":"product_brand","embeddable":true,"href":"https:\/\/seedoosports.com\/fr\/wp-json\/wp\/v2\/product_brand?post=2768"},{"taxonomy":"product_cat","embeddable":true,"href":"https:\/\/seedoosports.com\/fr\/wp-json\/wp\/v2\/product_cat?post=2768"},{"taxonomy":"product_tag","embeddable":true,"href":"https:\/\/seedoosports.com\/fr\/wp-json\/wp\/v2\/product_tag?post=2768"}],"curies":[{"name":"wp","href":"https:\/\/api.w.org\/{rel}","templated":true}]}}