{"id":2680,"date":"2024-03-23T15:44:16","date_gmt":"2024-03-23T07:44:16","guid":{"rendered":"https:\/\/seedoosports.com\/?post_type=product&#038;p=2680"},"modified":"2024-06-05T18:32:33","modified_gmt":"2024-06-05T10:32:33","slug":"cantilever-bag-rack-cbr","status":"publish","type":"product","link":"https:\/\/seedoosports.com\/fr\/punching-bag-track-system\/cantilever-bag-rack-cbr\/","title":{"rendered":"Porte-bagages en porte-\u00e0-faux - CBR"},"content":{"rendered":"","protected":false},"excerpt":{"rendered":"<div data-page-id=\"MHWwdiEigoD6YAxjRXOcrr67n4b\" data-docx-has-block-data=\"false\">\n<div class=\"ace-line ace-line old-record-id-MZDndl1kHoq9jCxiwZicOYaTntg\">Il peut \u00eatre personnalis\u00e9 en fonction des besoins du lieu. Il peut librement ajuster le style de combinaison en fonction du contenu du cours et peut \u00e9galement ajuster l'espacement des sacs de sable \u00e0 volont\u00e9, ce qui permet d'\u00e9conomiser l'espace du lieu et d'enrichir vos cours de formation.<\/div>\n<ol>\n<li class=\"ace-line ace-line old-record-id-ALBfdEfeho1nAbxpR4Uc42jpned\">Mat\u00e9riau de la voie : Rail de guidage tremp\u00e9 \u00e0 haute r\u00e9sistance en cinq couches Y.S. 257MPa (limite d'\u00e9lasticit\u00e9), T S. 400 MPa (r\u00e9sistance \u00e0 la traction).<\/li>\n<li class=\"ace-line ace-line old-record-id-ALBfdEfeho1nAbxpR4Uc42jpned\">Installation screw: Chemical anchor bolt M12X120mm, load design tensile force 14.5KN, failure tensile force 43.8 KN, can be used in concrete.High frequency vibration is used in soil (=&gt;C25 concrete) to prevent loosening.<\/li>\n<li class=\"ace-line ace-line old-record-id-ALBfdEfeho1nAbxpR4Uc42jpned\">Exigences relatives \u00e0 l'installation d'un mur : Le mur doit \u00eatre une structure en b\u00e9ton conforme aux exigences et aux normes de construction, d'une \u00e9paisseur sup\u00e9rieure \u00e0 200 mm (non construit).<\/li>\n<\/ol>\n<div class=\"ace-line ace-line old-record-id-P6X9dlOyEo9Gmdx4dJKchFw7nng\">Il est recommand\u00e9 de l'installer sur les murs en briques, en particulier les briques l\u00e9g\u00e8res ou creuses.<\/div>\n<\/div>","protected":false},"featured_media":3891,"template":"","meta":{"rank_math_lock_modified_date":false},"product_brand":[],"product_cat":[53],"product_tag":[],"class_list":{"0":"post-2680","1":"product","2":"type-product","3":"status-publish","4":"has-post-thumbnail","6":"product_cat-punching-bag-track-system","8":"first","9":"instock","10":"shipping-taxable","11":"product-type-simple"},"_links":{"self":[{"href":"https:\/\/seedoosports.com\/fr\/wp-json\/wp\/v2\/product\/2680","targetHints":{"allow":["GET"]}}],"collection":[{"href":"https:\/\/seedoosports.com\/fr\/wp-json\/wp\/v2\/product"}],"about":[{"href":"https:\/\/seedoosports.com\/fr\/wp-json\/wp\/v2\/types\/product"}],"wp:featuredmedia":[{"embeddable":true,"href":"https:\/\/seedoosports.com\/fr\/wp-json\/wp\/v2\/media\/3891"}],"wp:attachment":[{"href":"https:\/\/seedoosports.com\/fr\/wp-json\/wp\/v2\/media?parent=2680"}],"wp:term":[{"taxonomy":"product_brand","embeddable":true,"href":"https:\/\/seedoosports.com\/fr\/wp-json\/wp\/v2\/product_brand?post=2680"},{"taxonomy":"product_cat","embeddable":true,"href":"https:\/\/seedoosports.com\/fr\/wp-json\/wp\/v2\/product_cat?post=2680"},{"taxonomy":"product_tag","embeddable":true,"href":"https:\/\/seedoosports.com\/fr\/wp-json\/wp\/v2\/product_tag?post=2680"}],"curies":[{"name":"wp","href":"https:\/\/api.w.org\/{rel}","templated":true}]}}