{"id":5299,"date":"2025-09-29T18:36:29","date_gmt":"2025-09-29T10:36:29","guid":{"rendered":"https:\/\/seedoosports.com\/?post_type=product&#038;p=5299"},"modified":"2026-04-04T11:10:43","modified_gmt":"2026-04-04T03:10:43","slug":"xross-boxing-traning-center-2-0","status":"publish","type":"product","link":"https:\/\/seedoosports.com\/es\/rig-rack\/xross-boxing-traning-center-2-0\/","title":{"rendered":"Centro de entrenamiento de boxeo Xross 2.0"},"content":{"rendered":"","protected":false},"excerpt":{"rendered":"<p>Se trata de un completo rack de entrenamiento que se inclina m\u00e1s hacia el boxeo. Combina centros de entrenamiento para Hyrox, yoga, acondicionamiento f\u00edsico y boxeo. Equipado con dos sistemas de ra\u00edles en forma de J que pueden alojar hasta seis sacos de arena, los sacos de arena pueden moverse libremente. El estante de almacenamiento mantiene su gimnasio limpio y ordenado, y un conjunto de estantes puede acomodar m\u00faltiples modos de entrenamiento<\/p>","protected":false},"featured_media":5450,"template":"","meta":{"rank_math_lock_modified_date":false},"product_brand":[],"product_cat":[56],"product_tag":[],"class_list":{"0":"post-5299","1":"product","2":"type-product","3":"status-publish","4":"has-post-thumbnail","6":"product_cat-rig-rack","8":"first","9":"instock","10":"shipping-taxable","11":"product-type-simple"},"_links":{"self":[{"href":"https:\/\/seedoosports.com\/es\/wp-json\/wp\/v2\/product\/5299","targetHints":{"allow":["GET"]}}],"collection":[{"href":"https:\/\/seedoosports.com\/es\/wp-json\/wp\/v2\/product"}],"about":[{"href":"https:\/\/seedoosports.com\/es\/wp-json\/wp\/v2\/types\/product"}],"wp:featuredmedia":[{"embeddable":true,"href":"https:\/\/seedoosports.com\/es\/wp-json\/wp\/v2\/media\/5450"}],"wp:attachment":[{"href":"https:\/\/seedoosports.com\/es\/wp-json\/wp\/v2\/media?parent=5299"}],"wp:term":[{"taxonomy":"product_brand","embeddable":true,"href":"https:\/\/seedoosports.com\/es\/wp-json\/wp\/v2\/product_brand?post=5299"},{"taxonomy":"product_cat","embeddable":true,"href":"https:\/\/seedoosports.com\/es\/wp-json\/wp\/v2\/product_cat?post=5299"},{"taxonomy":"product_tag","embeddable":true,"href":"https:\/\/seedoosports.com\/es\/wp-json\/wp\/v2\/product_tag?post=5299"}],"curies":[{"name":"wp","href":"https:\/\/api.w.org\/{rel}","templated":true}]}}