{"id":5289,"date":"2025-09-29T18:34:34","date_gmt":"2025-09-29T10:34:34","guid":{"rendered":"https:\/\/seedoosports.com\/?post_type=product&#038;p=5289"},"modified":"2026-04-04T11:23:15","modified_gmt":"2026-04-04T03:23:15","slug":"xross-boxing-traning-center","status":"publish","type":"product","link":"https:\/\/seedoosports.com\/es\/rig-rack\/xross-boxing-traning-center\/","title":{"rendered":"Centro de entrenamiento de boxeo Xross"},"content":{"rendered":"","protected":false},"excerpt":{"rendered":"<p>Un centro de entrenamiento que integra Hyrox, yoga, fitness y boxeo. Los racks de almacenamiento de equipos peque\u00f1os y guantes de boxeo para entrenamiento de fitness hacen que su gimnasio est\u00e9 m\u00e1s ordenado. Un conjunto de racks puede acomodar m\u00faltiples modos de entrenamiento, equipado con un sistema de rieles en forma de J, y los sacos de arena se pueden mover libremente, dando al rack general una sensaci\u00f3n m\u00e1s ordenada<\/p>","protected":false},"featured_media":5458,"template":"","meta":{"rank_math_lock_modified_date":false},"product_brand":[],"product_cat":[56],"product_tag":[],"class_list":{"0":"post-5289","1":"product","2":"type-product","3":"status-publish","4":"has-post-thumbnail","6":"product_cat-rig-rack","8":"first","9":"instock","10":"shipping-taxable","11":"product-type-simple"},"_links":{"self":[{"href":"https:\/\/seedoosports.com\/es\/wp-json\/wp\/v2\/product\/5289","targetHints":{"allow":["GET"]}}],"collection":[{"href":"https:\/\/seedoosports.com\/es\/wp-json\/wp\/v2\/product"}],"about":[{"href":"https:\/\/seedoosports.com\/es\/wp-json\/wp\/v2\/types\/product"}],"wp:featuredmedia":[{"embeddable":true,"href":"https:\/\/seedoosports.com\/es\/wp-json\/wp\/v2\/media\/5458"}],"wp:attachment":[{"href":"https:\/\/seedoosports.com\/es\/wp-json\/wp\/v2\/media?parent=5289"}],"wp:term":[{"taxonomy":"product_brand","embeddable":true,"href":"https:\/\/seedoosports.com\/es\/wp-json\/wp\/v2\/product_brand?post=5289"},{"taxonomy":"product_cat","embeddable":true,"href":"https:\/\/seedoosports.com\/es\/wp-json\/wp\/v2\/product_cat?post=5289"},{"taxonomy":"product_tag","embeddable":true,"href":"https:\/\/seedoosports.com\/es\/wp-json\/wp\/v2\/product_tag?post=5289"}],"curies":[{"name":"wp","href":"https:\/\/api.w.org\/{rel}","templated":true}]}}