{"id":5185,"date":"2025-07-29T17:53:52","date_gmt":"2025-07-29T09:53:52","guid":{"rendered":"https:\/\/seedoosports.com\/?post_type=product&#038;p=5185"},"modified":"2025-07-30T08:32:45","modified_gmt":"2025-07-30T00:32:45","slug":"cagym","status":"publish","type":"product","link":"https:\/\/seedoosports.com\/es\/mma-cages\/cagym\/","title":{"rendered":"Cagym"},"content":{"rendered":"<ul>\n<li>Jaula Oct\u00e1gono con Saco de Pesas Integrado - Su Gimnasio Todo-en-Uno\uff1b<\/li>\n<li>Abre el oct\u00e1gono, despliega el saco de boxeo y transf\u00f3rmalo al instante en una zona de entrenamiento de MMA.<\/li>\n<li>Guarde el saco de boxeo y cierre la jaula Octagon: listo al instante para el entrenamiento de competici\u00f3n.<\/li>\n<li>Dise\u00f1o independiente: protege los edificios y facilita la movilidad.<\/li>\n<\/ul>","protected":false},"excerpt":{"rendered":"<p>La combinaci\u00f3n de jaula octogonal y sistema de ra\u00edles para sacos de boxeo permite m\u00faltiples transformaciones para adaptarse a su gimnasio.<\/p>","protected":false},"featured_media":5186,"template":"","meta":{"rank_math_lock_modified_date":false},"product_brand":[],"product_cat":[55],"product_tag":[],"class_list":{"0":"post-5185","1":"product","2":"type-product","3":"status-publish","4":"has-post-thumbnail","6":"product_cat-mma-cages","8":"first","9":"instock","10":"shipping-taxable","11":"product-type-simple"},"_links":{"self":[{"href":"https:\/\/seedoosports.com\/es\/wp-json\/wp\/v2\/product\/5185","targetHints":{"allow":["GET"]}}],"collection":[{"href":"https:\/\/seedoosports.com\/es\/wp-json\/wp\/v2\/product"}],"about":[{"href":"https:\/\/seedoosports.com\/es\/wp-json\/wp\/v2\/types\/product"}],"wp:featuredmedia":[{"embeddable":true,"href":"https:\/\/seedoosports.com\/es\/wp-json\/wp\/v2\/media\/5186"}],"wp:attachment":[{"href":"https:\/\/seedoosports.com\/es\/wp-json\/wp\/v2\/media?parent=5185"}],"wp:term":[{"taxonomy":"product_brand","embeddable":true,"href":"https:\/\/seedoosports.com\/es\/wp-json\/wp\/v2\/product_brand?post=5185"},{"taxonomy":"product_cat","embeddable":true,"href":"https:\/\/seedoosports.com\/es\/wp-json\/wp\/v2\/product_cat?post=5185"},{"taxonomy":"product_tag","embeddable":true,"href":"https:\/\/seedoosports.com\/es\/wp-json\/wp\/v2\/product_tag?post=5185"}],"curies":[{"name":"wp","href":"https:\/\/api.w.org\/{rel}","templated":true}]}}