{"id":5151,"date":"2025-07-11T16:13:44","date_gmt":"2025-07-11T08:13:44","guid":{"rendered":"https:\/\/seedoosports.com\/?post_type=product&#038;p=5151"},"modified":"2025-07-14T09:23:47","modified_gmt":"2025-07-14T01:23:47","slug":"foam-floor-tiles","status":"publish","type":"product","link":"https:\/\/seedoosports.com\/es\/gym-flooring-mats\/foam-floor-tiles\/","title":{"rendered":"Baldosas de espuma"},"content":{"rendered":"<ul class=\"pdp_feature_container pdp_feature_crossed\">\n<li>Tama\u00f1o: 100x100cm.<\/li>\n<li>Grosor: 2 cm, 2,5 cm, 3 cm, 4 cm, 5 cm.<\/li>\n<li>Perfecto para el entrenamiento de MMA, Jiu Jitsu, Taekwondo, Judo y Karate.<\/li>\n<li>Variedad de texturas para elegir.<\/li>\n<li>Supergrueso y absorbente de impactos.<\/li>\n<li>Impermeable, no t\u00f3xico, resistente a las manchas, f\u00e1cil de limpiar.<\/li>\n<li>Disponible en varios colores.<\/li>\n<\/ul>","protected":false},"excerpt":{"rendered":"<p>Nuestras colchonetas de espuma ofrecen una baldosa de espuma extragruesa entrelazada para crear una colchoneta de espuma port\u00e1til o una superficie de pared a pared dise\u00f1ada para su uso en el entrenamiento de artes marciales mixtas, donde la absorci\u00f3n de impactos y la protecci\u00f3n contra golpes son esenciales.<\/p>","protected":false},"featured_media":5152,"template":"","meta":{"rank_math_lock_modified_date":false},"product_brand":[],"product_cat":[70],"product_tag":[],"class_list":{"0":"post-5151","1":"product","2":"type-product","3":"status-publish","4":"has-post-thumbnail","6":"product_cat-gym-flooring-mats","8":"first","9":"instock","10":"shipping-taxable","11":"product-type-simple"},"_links":{"self":[{"href":"https:\/\/seedoosports.com\/es\/wp-json\/wp\/v2\/product\/5151","targetHints":{"allow":["GET"]}}],"collection":[{"href":"https:\/\/seedoosports.com\/es\/wp-json\/wp\/v2\/product"}],"about":[{"href":"https:\/\/seedoosports.com\/es\/wp-json\/wp\/v2\/types\/product"}],"wp:featuredmedia":[{"embeddable":true,"href":"https:\/\/seedoosports.com\/es\/wp-json\/wp\/v2\/media\/5152"}],"wp:attachment":[{"href":"https:\/\/seedoosports.com\/es\/wp-json\/wp\/v2\/media?parent=5151"}],"wp:term":[{"taxonomy":"product_brand","embeddable":true,"href":"https:\/\/seedoosports.com\/es\/wp-json\/wp\/v2\/product_brand?post=5151"},{"taxonomy":"product_cat","embeddable":true,"href":"https:\/\/seedoosports.com\/es\/wp-json\/wp\/v2\/product_cat?post=5151"},{"taxonomy":"product_tag","embeddable":true,"href":"https:\/\/seedoosports.com\/es\/wp-json\/wp\/v2\/product_tag?post=5151"}],"curies":[{"name":"wp","href":"https:\/\/api.w.org\/{rel}","templated":true}]}}