{"id":5142,"date":"2025-07-09T18:59:25","date_gmt":"2025-07-09T10:59:25","guid":{"rendered":"https:\/\/seedoosports.com\/?post_type=product&#038;p=5142"},"modified":"2025-07-09T18:59:25","modified_gmt":"2025-07-09T10:59:25","slug":"rubber-floor-mats","status":"publish","type":"product","link":"https:\/\/seedoosports.com\/es\/gym-flooring-mats\/rubber-floor-mats\/","title":{"rendered":"Alfombrillas de goma"},"content":{"rendered":"<p><strong>Grosor:\u00a0<\/strong>1 cm, 1,5 cm, 2 cm, 3 cm, 5 cm<\/p>\n<p><b>Material:\u00a0<\/b>Fabricadas con caucho de neum\u00e1tico reciclado 100% vulcanizado en alfombras de alta densidad. Las opciones de color tienen un moteado de color 20% EPDM a\u00f1adido a la superficie.<\/p>\n<ul class=\"pdp_feature_container pdp_feature_crossed\">\n<li>F\u00e1cil de instalar, antideslizante y con poco olor.<\/li>\n<li>Alfombrillas de goma vulcanizada, resistentes y no porosas.<\/li>\n<li>Fabricado con caucho reciclado 100%.<\/li>\n<li>Disponible en 5 colores populares.<\/li>\n<\/ul>","protected":false},"excerpt":{"rendered":"<p>Fabricadas con caucho reciclado 100% y vulcanizadas para una m\u00e1xima durabilidad, estas vers\u00e1tiles alfombrillas de gimnasio son de lo m\u00e1s resistentes. El proceso de vulcanizaci\u00f3n crea un material m\u00e1s fuerte y resistente que puede soportar un uso intensivo y la exposici\u00f3n a los elementos, por lo que estas alfombrillas son una opci\u00f3n de suelo de caucho de primera calidad tanto para uso en interiores como en exteriores.<\/p>","protected":false},"featured_media":5149,"template":"","meta":{"rank_math_lock_modified_date":false},"product_brand":[],"product_cat":[70],"product_tag":[],"class_list":{"0":"post-5142","1":"product","2":"type-product","3":"status-publish","4":"has-post-thumbnail","6":"product_cat-gym-flooring-mats","8":"first","9":"instock","10":"shipping-taxable","11":"product-type-simple"},"_links":{"self":[{"href":"https:\/\/seedoosports.com\/es\/wp-json\/wp\/v2\/product\/5142","targetHints":{"allow":["GET"]}}],"collection":[{"href":"https:\/\/seedoosports.com\/es\/wp-json\/wp\/v2\/product"}],"about":[{"href":"https:\/\/seedoosports.com\/es\/wp-json\/wp\/v2\/types\/product"}],"wp:featuredmedia":[{"embeddable":true,"href":"https:\/\/seedoosports.com\/es\/wp-json\/wp\/v2\/media\/5149"}],"wp:attachment":[{"href":"https:\/\/seedoosports.com\/es\/wp-json\/wp\/v2\/media?parent=5142"}],"wp:term":[{"taxonomy":"product_brand","embeddable":true,"href":"https:\/\/seedoosports.com\/es\/wp-json\/wp\/v2\/product_brand?post=5142"},{"taxonomy":"product_cat","embeddable":true,"href":"https:\/\/seedoosports.com\/es\/wp-json\/wp\/v2\/product_cat?post=5142"},{"taxonomy":"product_tag","embeddable":true,"href":"https:\/\/seedoosports.com\/es\/wp-json\/wp\/v2\/product_tag?post=5142"}],"curies":[{"name":"wp","href":"https:\/\/api.w.org\/{rel}","templated":true}]}}