{"id":4614,"date":"2024-10-07T17:43:06","date_gmt":"2024-10-07T09:43:06","guid":{"rendered":"https:\/\/seedoosports.com\/?post_type=product&#038;p=4614"},"modified":"2024-10-10T18:01:55","modified_gmt":"2024-10-10T10:01:55","slug":"fctr-wm-crossfit-rig","status":"publish","type":"product","link":"https:\/\/seedoosports.com\/es\/rig-rack\/fctr-wm-crossfit-rig\/","title":{"rendered":"Aparejo de CrossFit FCTR-WM"},"content":{"rendered":"","protected":false},"excerpt":{"rendered":"<p>Es una combinaci\u00f3n perfecta de soporte para entrenamiento f\u00edsico y soporte para entrenamiento de boxeo. Su longitud puede ajustarse en funci\u00f3n del tama\u00f1o del local. Puede utilizarse para diversos entrenamientos, como Fitness+Hiit+Boxeo. Los sacos de boxeo pueden desplazarse para el entrenamiento de boxeo y almacenarse para el entrenamiento de fitness. Puede mejorar en gran medida la tasa de utilizaci\u00f3n del espacio de entrenamiento.<\/p>","protected":false},"featured_media":4625,"template":"","meta":{"rank_math_lock_modified_date":false},"product_brand":[],"product_cat":[56],"product_tag":[],"class_list":{"0":"post-4614","1":"product","2":"type-product","3":"status-publish","4":"has-post-thumbnail","6":"product_cat-rig-rack","8":"first","9":"instock","10":"shipping-taxable","11":"product-type-simple"},"_links":{"self":[{"href":"https:\/\/seedoosports.com\/es\/wp-json\/wp\/v2\/product\/4614","targetHints":{"allow":["GET"]}}],"collection":[{"href":"https:\/\/seedoosports.com\/es\/wp-json\/wp\/v2\/product"}],"about":[{"href":"https:\/\/seedoosports.com\/es\/wp-json\/wp\/v2\/types\/product"}],"wp:featuredmedia":[{"embeddable":true,"href":"https:\/\/seedoosports.com\/es\/wp-json\/wp\/v2\/media\/4625"}],"wp:attachment":[{"href":"https:\/\/seedoosports.com\/es\/wp-json\/wp\/v2\/media?parent=4614"}],"wp:term":[{"taxonomy":"product_brand","embeddable":true,"href":"https:\/\/seedoosports.com\/es\/wp-json\/wp\/v2\/product_brand?post=4614"},{"taxonomy":"product_cat","embeddable":true,"href":"https:\/\/seedoosports.com\/es\/wp-json\/wp\/v2\/product_cat?post=4614"},{"taxonomy":"product_tag","embeddable":true,"href":"https:\/\/seedoosports.com\/es\/wp-json\/wp\/v2\/product_tag?post=4614"}],"curies":[{"name":"wp","href":"https:\/\/api.w.org\/{rel}","templated":true}]}}