{"id":4563,"date":"2024-09-19T18:34:21","date_gmt":"2024-09-19T10:34:21","guid":{"rendered":"https:\/\/seedoosports.com\/?post_type=product&#038;p=4563"},"modified":"2024-09-19T18:38:46","modified_gmt":"2024-09-19T10:38:46","slug":"hand-wraps","status":"publish","type":"product","link":"https:\/\/seedoosports.com\/es\/boxing-gear\/hand-wraps\/","title":{"rendered":"Envolturas de mano"},"content":{"rendered":"<p>Material: Algod\u00f3n, nylon<br \/>\nColor: rojo, blanco, negro<br \/>\nTama\u00f1o: 5 cm*300 cm 5 cm*450 cm<br \/>\nUsuarios: Boxeo, Sanda, Muay Thai,MMA y otros deportes<\/p>","protected":false},"excerpt":{"rendered":"<p>Dise\u00f1ado con la mezcla perfecta de algod\u00f3n y elastano sin l\u00e1tex que proporciona el estiramiento exacto que necesitas. Sin demasiada elasticidad, sin demasiado poco y con un tacto ultrasuave.<br \/>\nAJUSTE Y SENSACI\u00d3N: El sistema de cierre de gancho y bucle extra ancho con una presilla para el pulgar y la etiqueta \"THIS SIDE UP\" garantizan un ajuste seguro y personalizado cada vez que entrenes.<br \/>\nINSTRUCCIONES DE CUIDADO: Nuestras envolturas de mano son aptas para lavadora y secadora. Se recomienda utilizar una bolsa de malla y lavar con colores similares.<br \/>\nSi su entrenamiento para MMA, Boxeo, Muay Thai, Kickboxing o Krav Maga estas envolturas de mano son una necesidad tener<\/p>","protected":false},"featured_media":4556,"template":"","meta":{"rank_math_lock_modified_date":false},"product_brand":[],"product_cat":[51],"product_tag":[],"class_list":{"0":"post-4563","1":"product","2":"type-product","3":"status-publish","4":"has-post-thumbnail","6":"product_cat-boxing-gear","8":"first","9":"instock","10":"shipping-taxable","11":"product-type-simple"},"_links":{"self":[{"href":"https:\/\/seedoosports.com\/es\/wp-json\/wp\/v2\/product\/4563","targetHints":{"allow":["GET"]}}],"collection":[{"href":"https:\/\/seedoosports.com\/es\/wp-json\/wp\/v2\/product"}],"about":[{"href":"https:\/\/seedoosports.com\/es\/wp-json\/wp\/v2\/types\/product"}],"wp:featuredmedia":[{"embeddable":true,"href":"https:\/\/seedoosports.com\/es\/wp-json\/wp\/v2\/media\/4556"}],"wp:attachment":[{"href":"https:\/\/seedoosports.com\/es\/wp-json\/wp\/v2\/media?parent=4563"}],"wp:term":[{"taxonomy":"product_brand","embeddable":true,"href":"https:\/\/seedoosports.com\/es\/wp-json\/wp\/v2\/product_brand?post=4563"},{"taxonomy":"product_cat","embeddable":true,"href":"https:\/\/seedoosports.com\/es\/wp-json\/wp\/v2\/product_cat?post=4563"},{"taxonomy":"product_tag","embeddable":true,"href":"https:\/\/seedoosports.com\/es\/wp-json\/wp\/v2\/product_tag?post=4563"}],"curies":[{"name":"wp","href":"https:\/\/api.w.org\/{rel}","templated":true}]}}