{"id":4561,"date":"2024-09-19T18:30:44","date_gmt":"2024-09-19T10:30:44","guid":{"rendered":"https:\/\/seedoosports.com\/?post_type=product&#038;p=4561"},"modified":"2024-09-19T18:38:57","modified_gmt":"2024-09-19T10:38:57","slug":"focus-mitts-2","status":"publish","type":"product","link":"https:\/\/seedoosports.com\/es\/boxing-gear\/focus-mitts-2\/","title":{"rendered":"Mitones Focus"},"content":{"rendered":"<p>Material: Tejido PU personalizado, forro interior compuesto<br \/>\nFibra de poli\u00e9ster 100%<br \/>\nColor: Negro gris\u00e1ceo<br \/>\nUsuarios: Boxeo \/ MMA \/ Sanda \/ Muay Thai<br \/>\nTama\u00f1o: 20cm X 18cm<br \/>\nGrosor: 3,5 cm<br \/>\nPeso: unos 158 g<\/p>","protected":false},"excerpt":{"rendered":"<p>Cubrededos adicional para mayor comodidad y protecci\u00f3n.<br \/>\nEl cubrepu\u00f1os extragrueso y supersuave del dorso envuelve la mano y mantiene las manoplas bien sujetas al entrenador.<br \/>\nEl acolchado de espuma ofrece la cantidad perfecta de absorci\u00f3n de impactos.<br \/>\nLas manoplas de tama\u00f1o micro ofrecen a los deportistas de \u00e9lite objetivos de precisi\u00f3n para golpear con precisi\u00f3n.<br \/>\nEl impresionante dise\u00f1o curvado es m\u00e1s anat\u00f3micamente correcto para el usuario y el entrenador.<\/p>","protected":false},"featured_media":4548,"template":"","meta":{"rank_math_lock_modified_date":false},"product_brand":[],"product_cat":[51],"product_tag":[],"class_list":{"0":"post-4561","1":"product","2":"type-product","3":"status-publish","4":"has-post-thumbnail","6":"product_cat-boxing-gear","8":"first","9":"instock","10":"shipping-taxable","11":"product-type-simple"},"_links":{"self":[{"href":"https:\/\/seedoosports.com\/es\/wp-json\/wp\/v2\/product\/4561","targetHints":{"allow":["GET"]}}],"collection":[{"href":"https:\/\/seedoosports.com\/es\/wp-json\/wp\/v2\/product"}],"about":[{"href":"https:\/\/seedoosports.com\/es\/wp-json\/wp\/v2\/types\/product"}],"wp:featuredmedia":[{"embeddable":true,"href":"https:\/\/seedoosports.com\/es\/wp-json\/wp\/v2\/media\/4548"}],"wp:attachment":[{"href":"https:\/\/seedoosports.com\/es\/wp-json\/wp\/v2\/media?parent=4561"}],"wp:term":[{"taxonomy":"product_brand","embeddable":true,"href":"https:\/\/seedoosports.com\/es\/wp-json\/wp\/v2\/product_brand?post=4561"},{"taxonomy":"product_cat","embeddable":true,"href":"https:\/\/seedoosports.com\/es\/wp-json\/wp\/v2\/product_cat?post=4561"},{"taxonomy":"product_tag","embeddable":true,"href":"https:\/\/seedoosports.com\/es\/wp-json\/wp\/v2\/product_tag?post=4561"}],"curies":[{"name":"wp","href":"https:\/\/api.w.org\/{rel}","templated":true}]}}