{"id":3993,"date":"2024-06-24T18:13:53","date_gmt":"2024-06-24T10:13:53","guid":{"rendered":"https:\/\/seedoosports.com\/?post_type=product&#038;p=3993"},"modified":"2024-09-25T15:26:20","modified_gmt":"2024-09-25T07:26:20","slug":"mma-cage-panels","status":"publish","type":"product","link":"https:\/\/seedoosports.com\/es\/mma-cages\/mma-cage-panels\/","title":{"rendered":"Paneles de jaula de MMA"},"content":{"rendered":"<p>Como fabricante, le permitimos personalizar el color y el logotipo.<\/p>\n<p>tama\u00f1o del panel de la jaula de mma:<br \/>\nAltura: 0,9 m, 1,2 m, 1,5 m, 1,8 m<br \/>\nLongitud: 0,5 m-3,5 m<\/p>","protected":false},"excerpt":{"rendered":"<p>Los paneles para jaulas de mma de SEEDOO est\u00e1n dise\u00f1ados para la funcionalidad de nuestros Impact Training Centers sin las restricciones topogr\u00e1ficas, pero con la funcionalidad a\u00f1adida de los postes de montaje. Los paneles se pueden emparejar con las paredes y columnas de su gimnasio para maximizar el ahorro de espacio.<br \/>\nDebido a la flexibilidad de la red de la jaula, puede ser razonablemente encerrado en la forma que desee, que mejor puede ayudarle a ahorrar espacio y expenses.The almohadillas de relleno de color se puede personalizar para adaptarse mejor al estilo de dise\u00f1o de su gimnasio<br \/>\nEn cualquier caso, el uso razonable de redes de jaulas puede mejorar la utilizaci\u00f3n de su espacio, y podemos proporcionarle un dise\u00f1o en 3D. Disponemos de nuestra propia planta de procesamiento para garantizar la calidad y seguridad de los productos, y proporcionamos ayuda y sugerencias para todo el proceso, desde la apertura hasta el funcionamiento.<\/p>","protected":false},"featured_media":4003,"template":"","meta":{"rank_math_lock_modified_date":false},"product_brand":[],"product_cat":[55],"product_tag":[],"class_list":{"0":"post-3993","1":"product","2":"type-product","3":"status-publish","4":"has-post-thumbnail","6":"product_cat-mma-cages","8":"first","9":"instock","10":"shipping-taxable","11":"product-type-simple"},"_links":{"self":[{"href":"https:\/\/seedoosports.com\/es\/wp-json\/wp\/v2\/product\/3993","targetHints":{"allow":["GET"]}}],"collection":[{"href":"https:\/\/seedoosports.com\/es\/wp-json\/wp\/v2\/product"}],"about":[{"href":"https:\/\/seedoosports.com\/es\/wp-json\/wp\/v2\/types\/product"}],"wp:featuredmedia":[{"embeddable":true,"href":"https:\/\/seedoosports.com\/es\/wp-json\/wp\/v2\/media\/4003"}],"wp:attachment":[{"href":"https:\/\/seedoosports.com\/es\/wp-json\/wp\/v2\/media?parent=3993"}],"wp:term":[{"taxonomy":"product_brand","embeddable":true,"href":"https:\/\/seedoosports.com\/es\/wp-json\/wp\/v2\/product_brand?post=3993"},{"taxonomy":"product_cat","embeddable":true,"href":"https:\/\/seedoosports.com\/es\/wp-json\/wp\/v2\/product_cat?post=3993"},{"taxonomy":"product_tag","embeddable":true,"href":"https:\/\/seedoosports.com\/es\/wp-json\/wp\/v2\/product_tag?post=3993"}],"curies":[{"name":"wp","href":"https:\/\/api.w.org\/{rel}","templated":true}]}}