{"id":3967,"date":"2024-06-13T18:45:05","date_gmt":"2024-06-13T10:45:05","guid":{"rendered":"https:\/\/seedoosports.com\/?post_type=product&#038;p=3967"},"modified":"2024-06-13T18:51:16","modified_gmt":"2024-06-13T10:51:16","slug":"heavy-boxing-bag-180","status":"publish","type":"product","link":"https:\/\/seedoosports.com\/es\/punching-bags\/heavy-boxing-bag-180\/","title":{"rendered":"Saco de boxeo pesado 180cm"},"content":{"rendered":"","protected":false},"excerpt":{"rendered":"<ul>\n<li>Tejido de cuero bal\u00edstico T-Flex, impermeable, resistente a los rayos UV, ign\u00edfugo, resistente al moho, inhibe el crecimiento bacteriano. Resistencia al desgarro \u2265 2500N;<\/li>\n<li>Equipado con tecnolog\u00eda de impresi\u00f3n l\u00e1ser, admite una personalizaci\u00f3n profunda;<\/li>\n<li>Equipada con tecnolog\u00eda de llenado de presi\u00f3n variable continua de 3 etapas, excelente retroalimentaci\u00f3n de golpeo;<\/li>\n<li>El relleno se comprueba por ultrasonidos infrarrojos lejanos para eliminar cuerpos extra\u00f1os met\u00e1licos y mejorar la seguridad;<\/li>\n<li>El tama\u00f1o y el dise\u00f1o de impresi\u00f3n admiten una profunda personalizaci\u00f3n, renders gratuitos;<\/li>\n<\/ul>","protected":false},"featured_media":3977,"template":"","meta":{"rank_math_lock_modified_date":false},"product_brand":[],"product_cat":[69],"product_tag":[],"class_list":{"0":"post-3967","1":"product","2":"type-product","3":"status-publish","4":"has-post-thumbnail","6":"product_cat-punching-bags","8":"first","9":"instock","10":"shipping-taxable","11":"product-type-simple"},"_links":{"self":[{"href":"https:\/\/seedoosports.com\/es\/wp-json\/wp\/v2\/product\/3967","targetHints":{"allow":["GET"]}}],"collection":[{"href":"https:\/\/seedoosports.com\/es\/wp-json\/wp\/v2\/product"}],"about":[{"href":"https:\/\/seedoosports.com\/es\/wp-json\/wp\/v2\/types\/product"}],"wp:featuredmedia":[{"embeddable":true,"href":"https:\/\/seedoosports.com\/es\/wp-json\/wp\/v2\/media\/3977"}],"wp:attachment":[{"href":"https:\/\/seedoosports.com\/es\/wp-json\/wp\/v2\/media?parent=3967"}],"wp:term":[{"taxonomy":"product_brand","embeddable":true,"href":"https:\/\/seedoosports.com\/es\/wp-json\/wp\/v2\/product_brand?post=3967"},{"taxonomy":"product_cat","embeddable":true,"href":"https:\/\/seedoosports.com\/es\/wp-json\/wp\/v2\/product_cat?post=3967"},{"taxonomy":"product_tag","embeddable":true,"href":"https:\/\/seedoosports.com\/es\/wp-json\/wp\/v2\/product_tag?post=3967"}],"curies":[{"name":"wp","href":"https:\/\/api.w.org\/{rel}","templated":true}]}}