{"id":3913,"date":"2024-06-08T11:12:28","date_gmt":"2024-06-08T03:12:28","guid":{"rendered":"https:\/\/seedoosports.com\/?post_type=product&#038;p=3913"},"modified":"2024-06-08T12:30:00","modified_gmt":"2024-06-08T04:30:00","slug":"combination-track-boxing-bag-rack","status":"publish","type":"product","link":"https:\/\/seedoosports.com\/es\/punching-bag-track-system\/combination-track-boxing-bag-rack\/","title":{"rendered":"Rielera combinada para sacos de boxeo"},"content":{"rendered":"","protected":false},"excerpt":{"rendered":"<p>Se trata de un puesto de entrenamiento combinado que a\u00fana el entrenamiento f\u00edsico colectivo y el entrenamiento de boxeo. El soporte est\u00e1 equipado con una escalera para trepar y un sistema de rieles, que pueden utilizarse para el entrenamiento f\u00edsico. La ampliaci\u00f3n del saco de arena permite el entrenamiento de boxeo, y el almacenamiento del saco de arena libera m\u00e1s espacio. El tama\u00f1o de la instalaci\u00f3n se puede personalizar seg\u00fan el tama\u00f1o del lugar, y el dise\u00f1o de combinaci\u00f3n modular se puede empalmar seg\u00fan el lugar.<\/p>","protected":false},"featured_media":3914,"template":"","meta":{"rank_math_lock_modified_date":false},"product_brand":[],"product_cat":[53],"product_tag":[],"class_list":{"0":"post-3913","1":"product","2":"type-product","3":"status-publish","4":"has-post-thumbnail","6":"product_cat-punching-bag-track-system","8":"first","9":"instock","10":"shipping-taxable","11":"product-type-simple"},"_links":{"self":[{"href":"https:\/\/seedoosports.com\/es\/wp-json\/wp\/v2\/product\/3913","targetHints":{"allow":["GET"]}}],"collection":[{"href":"https:\/\/seedoosports.com\/es\/wp-json\/wp\/v2\/product"}],"about":[{"href":"https:\/\/seedoosports.com\/es\/wp-json\/wp\/v2\/types\/product"}],"wp:featuredmedia":[{"embeddable":true,"href":"https:\/\/seedoosports.com\/es\/wp-json\/wp\/v2\/media\/3914"}],"wp:attachment":[{"href":"https:\/\/seedoosports.com\/es\/wp-json\/wp\/v2\/media?parent=3913"}],"wp:term":[{"taxonomy":"product_brand","embeddable":true,"href":"https:\/\/seedoosports.com\/es\/wp-json\/wp\/v2\/product_brand?post=3913"},{"taxonomy":"product_cat","embeddable":true,"href":"https:\/\/seedoosports.com\/es\/wp-json\/wp\/v2\/product_cat?post=3913"},{"taxonomy":"product_tag","embeddable":true,"href":"https:\/\/seedoosports.com\/es\/wp-json\/wp\/v2\/product_tag?post=3913"}],"curies":[{"name":"wp","href":"https:\/\/api.w.org\/{rel}","templated":true}]}}