{"id":3726,"date":"2024-05-28T10:49:20","date_gmt":"2024-05-28T02:49:20","guid":{"rendered":"https:\/\/seedoosports.com\/?post_type=product&#038;p=3726"},"modified":"2024-10-28T17:42:07","modified_gmt":"2024-10-28T09:42:07","slug":"pro-official-octagon-mma-cage-complete","status":"publish","type":"product","link":"https:\/\/seedoosports.com\/es\/mma-cages\/pro-official-octagon-mma-cage-complete\/","title":{"rendered":"UFC Reglas PRO Oct\u00e1gono MMA Jaula Completa"},"content":{"rendered":"<p>El oct\u00e1gono de MMA se hace bajo las reglas de tama\u00f1o de la UFC, por lo general 30 pies o 25 pies (En 2020, la UFC utiliza oficialmente este tama\u00f1o para APEX Eventos). Somos fabricante por lo tanto le ofrecemos tambi\u00e9n versiones m\u00e1s peque\u00f1as para adaptarse al tama\u00f1o de su gimnasio.<\/p>\n<p>UFC Reglas PRO Octagon MMA incluye todo lo siguiente:<\/p>\n<ul>\n<li>Dimensiones exteriores: 9,1 m (30 pies), 7,62 m (25 pies), 7,3 m (24 pies), 6,1 m (20 pies) + pasarela<\/li>\n<li>Altura del marco: 1,85 m<\/li>\n<li>Altura del suelo 1m(3.2ft)<\/li>\n<li>Pasarela ancha: 1m(3.2ft)<\/li>\n<li>Material del suelo: Tarima contrachapada<\/li>\n<li>Acolchado del suelo: suelo de espuma<\/li>\n<li>1 o 2 puertas<\/li>\n<li>1 \u00f3 2 escaleras de acero<\/li>\n<li>personalizaci\u00f3n \/ impresi\u00f3n del logotipo en la cubierta<\/li>\n<\/ul>","protected":false},"excerpt":{"rendered":"<p>Esta UFC reglas MMA Oct\u00e1gono es un evento de MMA de alta calidad o jaulas de gimnasio. F\u00e1cil de montar y construido para durar. Jaula octogonal UFC utiliza s\u00f3lo los mejores materiales. Tiene dos paneles de puertas opuestas, pasarela de 1 m de ancho. Sus paredes y superficies acolchadas protegen a los luchadores de ca\u00eddas.<\/p>","protected":false},"featured_media":3749,"template":"","meta":{"rank_math_lock_modified_date":false},"product_brand":[],"product_cat":[55],"product_tag":[],"class_list":{"0":"post-3726","1":"product","2":"type-product","3":"status-publish","4":"has-post-thumbnail","6":"product_cat-mma-cages","8":"first","9":"instock","10":"shipping-taxable","11":"product-type-simple"},"_links":{"self":[{"href":"https:\/\/seedoosports.com\/es\/wp-json\/wp\/v2\/product\/3726","targetHints":{"allow":["GET"]}}],"collection":[{"href":"https:\/\/seedoosports.com\/es\/wp-json\/wp\/v2\/product"}],"about":[{"href":"https:\/\/seedoosports.com\/es\/wp-json\/wp\/v2\/types\/product"}],"wp:featuredmedia":[{"embeddable":true,"href":"https:\/\/seedoosports.com\/es\/wp-json\/wp\/v2\/media\/3749"}],"wp:attachment":[{"href":"https:\/\/seedoosports.com\/es\/wp-json\/wp\/v2\/media?parent=3726"}],"wp:term":[{"taxonomy":"product_brand","embeddable":true,"href":"https:\/\/seedoosports.com\/es\/wp-json\/wp\/v2\/product_brand?post=3726"},{"taxonomy":"product_cat","embeddable":true,"href":"https:\/\/seedoosports.com\/es\/wp-json\/wp\/v2\/product_cat?post=3726"},{"taxonomy":"product_tag","embeddable":true,"href":"https:\/\/seedoosports.com\/es\/wp-json\/wp\/v2\/product_tag?post=3726"}],"curies":[{"name":"wp","href":"https:\/\/api.w.org\/{rel}","templated":true}]}}