{"id":3715,"date":"2024-05-27T11:50:16","date_gmt":"2024-05-27T03:50:16","guid":{"rendered":"https:\/\/seedoosports.com\/?post_type=product&#038;p=3715"},"modified":"2024-09-24T18:10:32","modified_gmt":"2024-09-24T10:10:32","slug":"seedoo-custom-boxing-ring","status":"publish","type":"product","link":"https:\/\/seedoosports.com\/es\/boxing-rings\/seedoo-custom-boxing-ring\/","title":{"rendered":"Ring de boxeo profesional personalizado"},"content":{"rendered":"<p>Anillo de boxeo profesional personalizado incluye todo lo siguiente:<\/p>\n<ul>\n<li>Tama\u00f1o exterior: 3,5 m (11,5 pies), 4 m (13,1 pies), 4,88 m (16 pies), 6,1 m (20 pies) ,7,3 m (24 pies), 7,8 m (25 pies)<\/li>\n<li>altura de la plataforma: 0,3 m (12 pulg.), 0,5 m (20 pulg.), 1 m (36 pulg.)<\/li>\n<li>4 esquineros pesados de acero<\/li>\n<li>4 Cojines de esquina (color y logotipo personalizados)<\/li>\n<li>4 Cuerdas de ring de boxeo<\/li>\n<li>8 separadores de cuerda<\/li>\n<li>Fundas de tensor + acolchado<\/li>\n<li>Funda de PVC o lona (colores y logotipo personalizados)<\/li>\n<li>4 faldas para ring de boxeo (colores y logotipo personalizados)<\/li>\n<\/ul>","protected":false},"excerpt":{"rendered":"<p>Professional Custom Boxing Ring es el principal ring de entrenamiento elevado, construido para gimnasios profesionales, clubes de boxeo, centros de entrenamiento de combate, gimnasios, centros recreativos, escuelas y requisitos militares e industriales. El marco y los postes de las esquinas est\u00e1n fabricados con acero de gran espesor para soportar con solidez los entrenamientos y sparrings diarios m\u00e1s exigentes, desde j\u00f3venes hasta pesos superpesados.<\/p>","protected":false},"featured_media":3716,"template":"","meta":{"rank_math_lock_modified_date":false},"product_brand":[],"product_cat":[54],"product_tag":[],"class_list":{"0":"post-3715","1":"product","2":"type-product","3":"status-publish","4":"has-post-thumbnail","6":"product_cat-boxing-rings","8":"first","9":"instock","10":"shipping-taxable","11":"product-type-simple"},"_links":{"self":[{"href":"https:\/\/seedoosports.com\/es\/wp-json\/wp\/v2\/product\/3715","targetHints":{"allow":["GET"]}}],"collection":[{"href":"https:\/\/seedoosports.com\/es\/wp-json\/wp\/v2\/product"}],"about":[{"href":"https:\/\/seedoosports.com\/es\/wp-json\/wp\/v2\/types\/product"}],"wp:featuredmedia":[{"embeddable":true,"href":"https:\/\/seedoosports.com\/es\/wp-json\/wp\/v2\/media\/3716"}],"wp:attachment":[{"href":"https:\/\/seedoosports.com\/es\/wp-json\/wp\/v2\/media?parent=3715"}],"wp:term":[{"taxonomy":"product_brand","embeddable":true,"href":"https:\/\/seedoosports.com\/es\/wp-json\/wp\/v2\/product_brand?post=3715"},{"taxonomy":"product_cat","embeddable":true,"href":"https:\/\/seedoosports.com\/es\/wp-json\/wp\/v2\/product_cat?post=3715"},{"taxonomy":"product_tag","embeddable":true,"href":"https:\/\/seedoosports.com\/es\/wp-json\/wp\/v2\/product_tag?post=3715"}],"curies":[{"name":"wp","href":"https:\/\/api.w.org\/{rel}","templated":true}]}}