{"id":3634,"date":"2024-05-14T19:09:38","date_gmt":"2024-05-14T11:09:38","guid":{"rendered":"https:\/\/seedoosports.com\/?post_type=product&#038;p=3634"},"modified":"2024-12-24T16:07:50","modified_gmt":"2024-12-24T08:07:50","slug":"ceiling-mounted-punching-bag-rail","status":"publish","type":"product","link":"https:\/\/seedoosports.com\/es\/punching-bag-track-system\/ceiling-mounted-punching-bag-rail\/","title":{"rendered":"Riel para sacos perforadores montado en el techo"},"content":{"rendered":"<p>Tambi\u00e9n podemos ofrecer longitudes de v\u00eda a medida para que pueda conseguir el trazado que mejor se adapte a sus necesidades, as\u00ed como diferentes colores personalizados.<\/p>\n<ul>\n<li>Utiliza acero de 4 mm y resistencia 400MPA para una calidad superior.<\/li>\n<li>Puede montarse en techos de hormig\u00f3n o estructuras met\u00e1licas<\/li>\n<li>Acabado de pintura en polvo duradero<\/li>\n<li>Los extremos de enclavamiento permiten a\u00f1adir m\u00faltiples tramos de v\u00eda<\/li>\n<li>Cada metro de v\u00eda puede soportar 300 kg de peso<\/li>\n<li>Material de montaje incluido soportes y pernos<\/li>\n<\/ul>","protected":false},"excerpt":{"rendered":"<p>El sistema de riel montado en el techo dise\u00f1ado por SEEDOO maximiza el uso del espacio en el gimnasio. Combinado con nuestros Roller Punch Bag Mounts bloqueables, y usted puede mover los sacos de boxeo a cualquier posici\u00f3n de la pista, desbloquear y bloquear. usted para conectar m\u00faltiples longitudes de pista incluyendo la Curva Roller Mount Track para lograr el dise\u00f1o deseado que necesita para su gimnasio. Por supuesto, tambi\u00e9n puede ser un sistema de pista c\u00edclica.<\/p>","protected":false},"featured_media":3932,"template":"","meta":{"rank_math_lock_modified_date":false},"product_brand":[],"product_cat":[53],"product_tag":[],"class_list":{"0":"post-3634","1":"product","2":"type-product","3":"status-publish","4":"has-post-thumbnail","6":"product_cat-punching-bag-track-system","8":"first","9":"instock","10":"shipping-taxable","11":"product-type-simple"},"_links":{"self":[{"href":"https:\/\/seedoosports.com\/es\/wp-json\/wp\/v2\/product\/3634","targetHints":{"allow":["GET"]}}],"collection":[{"href":"https:\/\/seedoosports.com\/es\/wp-json\/wp\/v2\/product"}],"about":[{"href":"https:\/\/seedoosports.com\/es\/wp-json\/wp\/v2\/types\/product"}],"wp:featuredmedia":[{"embeddable":true,"href":"https:\/\/seedoosports.com\/es\/wp-json\/wp\/v2\/media\/3932"}],"wp:attachment":[{"href":"https:\/\/seedoosports.com\/es\/wp-json\/wp\/v2\/media?parent=3634"}],"wp:term":[{"taxonomy":"product_brand","embeddable":true,"href":"https:\/\/seedoosports.com\/es\/wp-json\/wp\/v2\/product_brand?post=3634"},{"taxonomy":"product_cat","embeddable":true,"href":"https:\/\/seedoosports.com\/es\/wp-json\/wp\/v2\/product_cat?post=3634"},{"taxonomy":"product_tag","embeddable":true,"href":"https:\/\/seedoosports.com\/es\/wp-json\/wp\/v2\/product_tag?post=3634"}],"curies":[{"name":"wp","href":"https:\/\/api.w.org\/{rel}","templated":true}]}}