{"id":3482,"date":"2024-04-15T16:48:36","date_gmt":"2024-04-15T08:48:36","guid":{"rendered":"https:\/\/seedoosports.com\/?post_type=product&#038;p=3482"},"modified":"2024-06-05T18:57:03","modified_gmt":"2024-06-05T10:57:03","slug":"function-cross-training-rack-fctr-o","status":"publish","type":"product","link":"https:\/\/seedoosports.com\/es\/rig-rack\/function-cross-training-rack-fctr-o\/","title":{"rendered":"FCTR-O Estanter\u00eda de Cross Training Funcional"},"content":{"rendered":"<p>Tama\u00f1o del embalaje: 2710*1140*1060mm 1 caja de madera 485kg<\/p>","protected":false},"excerpt":{"rendered":"<p>No necesita conectarse al techo, suelo o pared del edificio, por lo que es f\u00e1cil de desmontar y transportar en cualquier momento. La longitud del producto puede ajustarse en funci\u00f3n de la separaci\u00f3n entre pilares en el recinto. La posici\u00f3n de los pilares se puede personalizar estrechamente seg\u00fan la separaci\u00f3n entre pilares o paredes del interior, por lo que no ocupa espacio en el recinto.<br \/>\nEl saco de arena puede moverse libremente por toda la pista circular, proporcionando a los entrenadores un espacio de entrenamiento de 360 grados. Este dise\u00f1o a\u00f1ade desaf\u00edo y emoci\u00f3n a los entrenamientos. Los usuarios pueden realizar un entrenamiento completo utilizando el movimiento del saco de arena a lo largo de la pista circular, fortaleciendo varios grupos musculares y mejorando la flexibilidad. El dise\u00f1o de la pista circular tambi\u00e9n atrae a una gama m\u00e1s amplia de usuarios, especialmente a aquellos que buscan experiencias de entrenamiento estimulantes y variadas.<\/p>","protected":false},"featured_media":3854,"template":"","meta":{"rank_math_lock_modified_date":false},"product_brand":[],"product_cat":[56],"product_tag":[],"class_list":{"0":"post-3482","1":"product","2":"type-product","3":"status-publish","4":"has-post-thumbnail","6":"product_cat-rig-rack","8":"first","9":"instock","10":"shipping-taxable","11":"product-type-simple"},"_links":{"self":[{"href":"https:\/\/seedoosports.com\/es\/wp-json\/wp\/v2\/product\/3482","targetHints":{"allow":["GET"]}}],"collection":[{"href":"https:\/\/seedoosports.com\/es\/wp-json\/wp\/v2\/product"}],"about":[{"href":"https:\/\/seedoosports.com\/es\/wp-json\/wp\/v2\/types\/product"}],"wp:featuredmedia":[{"embeddable":true,"href":"https:\/\/seedoosports.com\/es\/wp-json\/wp\/v2\/media\/3854"}],"wp:attachment":[{"href":"https:\/\/seedoosports.com\/es\/wp-json\/wp\/v2\/media?parent=3482"}],"wp:term":[{"taxonomy":"product_brand","embeddable":true,"href":"https:\/\/seedoosports.com\/es\/wp-json\/wp\/v2\/product_brand?post=3482"},{"taxonomy":"product_cat","embeddable":true,"href":"https:\/\/seedoosports.com\/es\/wp-json\/wp\/v2\/product_cat?post=3482"},{"taxonomy":"product_tag","embeddable":true,"href":"https:\/\/seedoosports.com\/es\/wp-json\/wp\/v2\/product_tag?post=3482"}],"curies":[{"name":"wp","href":"https:\/\/api.w.org\/{rel}","templated":true}]}}