{"id":2822,"date":"2024-03-29T19:37:34","date_gmt":"2024-03-29T11:37:34","guid":{"rendered":"https:\/\/seedoosports.com\/?post_type=product&#038;p=2822"},"modified":"2024-07-04T18:19:59","modified_gmt":"2024-07-04T10:19:59","slug":"boxing-gloves","status":"publish","type":"product","link":"https:\/\/seedoosports.com\/es\/boxing-gear\/boxing-gloves\/","title":{"rendered":"Guantes de boxeo"},"content":{"rendered":"","protected":false},"excerpt":{"rendered":"<p>El pulgar ergon\u00f3micamente dise\u00f1ado es m\u00e1s protector, y el razonable dise\u00f1o del espacio para los dedos permite agarrarlos sin resistencia y soltarlos sin que se compriman. El dise\u00f1o general se ajusta al estado natural de los pu\u00f1os del cuerpo humano y envuelve con precisi\u00f3n el pulgar para evitar la contusi\u00f3n del pulgar causada por los pu\u00f1etazos. Tiene un forro amortiguador de cinco capas, las tiras protectoras se han alargado y engrosado para proteger las mu\u00f1ecas de lesiones, los picos de los pu\u00f1os tienen 6 cm de grosor y el forro compuesto se utiliza para reducir en gran medida la fuerza del impacto y proteger las articulaciones de las extremidades. El tejido suave y agradable a la piel del interior protege las manos de ampollas y abrasiones causadas por el ejercicio.<\/p>","protected":false},"featured_media":4048,"template":"","meta":{"rank_math_lock_modified_date":false},"product_brand":[],"product_cat":[51],"product_tag":[],"class_list":{"0":"post-2822","1":"product","2":"type-product","3":"status-publish","4":"has-post-thumbnail","6":"product_cat-boxing-gear","8":"first","9":"instock","10":"shipping-taxable","11":"product-type-simple"},"_links":{"self":[{"href":"https:\/\/seedoosports.com\/es\/wp-json\/wp\/v2\/product\/2822","targetHints":{"allow":["GET"]}}],"collection":[{"href":"https:\/\/seedoosports.com\/es\/wp-json\/wp\/v2\/product"}],"about":[{"href":"https:\/\/seedoosports.com\/es\/wp-json\/wp\/v2\/types\/product"}],"wp:featuredmedia":[{"embeddable":true,"href":"https:\/\/seedoosports.com\/es\/wp-json\/wp\/v2\/media\/4048"}],"wp:attachment":[{"href":"https:\/\/seedoosports.com\/es\/wp-json\/wp\/v2\/media?parent=2822"}],"wp:term":[{"taxonomy":"product_brand","embeddable":true,"href":"https:\/\/seedoosports.com\/es\/wp-json\/wp\/v2\/product_brand?post=2822"},{"taxonomy":"product_cat","embeddable":true,"href":"https:\/\/seedoosports.com\/es\/wp-json\/wp\/v2\/product_cat?post=2822"},{"taxonomy":"product_tag","embeddable":true,"href":"https:\/\/seedoosports.com\/es\/wp-json\/wp\/v2\/product_tag?post=2822"}],"curies":[{"name":"wp","href":"https:\/\/api.w.org\/{rel}","templated":true}]}}