{"id":2797,"date":"2024-03-28T17:22:12","date_gmt":"2024-03-28T09:22:12","guid":{"rendered":"https:\/\/seedoosports.com\/?post_type=product&#038;p=2797"},"modified":"2024-06-05T18:55:19","modified_gmt":"2024-06-05T10:55:19","slug":"multi-functional-boxing-training-rack-fctr-u","status":"publish","type":"product","link":"https:\/\/seedoosports.com\/es\/rig-rack\/multi-functional-boxing-training-rack-fctr-u\/","title":{"rendered":"FCTR-U Estanter\u00eda de Cross Training Funcional"},"content":{"rendered":"<div data-page-id=\"MHWwdiEigoD6YAxjRXOcrr67n4b\" data-docx-has-block-data=\"false\">\n<div class=\"ace-line ace-line old-record-id-Czs6dASjMoPSh8x90a0cm9s4nTh\">Tama\u00f1o del embalaje: 2710*1140*1060mm 1 caja de madera 455kg<\/div>\n<\/div>","protected":false},"excerpt":{"rendered":"<p>No es necesario fijarlo al techo, la pared o el suelo del edificio. Es f\u00e1cil de montar y no requiere trabajadores t\u00e9cnicos profesionales. Esperamos que usted y el instructor participen en su montaje y terminaci\u00f3n. Equipado con un sistema de sacos de arena con riel en forma de U, los sacos de arena pueden desplegarse y almacenarse en funci\u00f3n de los diferentes entrenamientos.Esta versi\u00f3n cuenta con un riel en forma de U para el saco de arena. Este dise\u00f1o mejora la estabilidad durante el movimiento, reduciendo el balanceo y proporcionando un entorno de entrenamiento m\u00e1s controlado. El riel en forma de U tambi\u00e9n gu\u00eda el movimiento del saco de arena con mayor eficacia, lo que permite golpear el objetivo con mayor precisi\u00f3n. Adem\u00e1s, a\u00f1ade atractivo visual al producto, dando al \u00e1rea de entrenamiento un aspecto moderno y profesional.<\/p>","protected":false},"featured_media":3847,"template":"","meta":{"rank_math_lock_modified_date":false},"product_brand":[],"product_cat":[56],"product_tag":[],"class_list":{"0":"post-2797","1":"product","2":"type-product","3":"status-publish","4":"has-post-thumbnail","6":"product_cat-rig-rack","8":"first","9":"instock","10":"shipping-taxable","11":"product-type-simple"},"_links":{"self":[{"href":"https:\/\/seedoosports.com\/es\/wp-json\/wp\/v2\/product\/2797","targetHints":{"allow":["GET"]}}],"collection":[{"href":"https:\/\/seedoosports.com\/es\/wp-json\/wp\/v2\/product"}],"about":[{"href":"https:\/\/seedoosports.com\/es\/wp-json\/wp\/v2\/types\/product"}],"wp:featuredmedia":[{"embeddable":true,"href":"https:\/\/seedoosports.com\/es\/wp-json\/wp\/v2\/media\/3847"}],"wp:attachment":[{"href":"https:\/\/seedoosports.com\/es\/wp-json\/wp\/v2\/media?parent=2797"}],"wp:term":[{"taxonomy":"product_brand","embeddable":true,"href":"https:\/\/seedoosports.com\/es\/wp-json\/wp\/v2\/product_brand?post=2797"},{"taxonomy":"product_cat","embeddable":true,"href":"https:\/\/seedoosports.com\/es\/wp-json\/wp\/v2\/product_cat?post=2797"},{"taxonomy":"product_tag","embeddable":true,"href":"https:\/\/seedoosports.com\/es\/wp-json\/wp\/v2\/product_tag?post=2797"}],"curies":[{"name":"wp","href":"https:\/\/api.w.org\/{rel}","templated":true}]}}