{"id":2796,"date":"2024-03-28T17:20:19","date_gmt":"2024-03-28T09:20:19","guid":{"rendered":"https:\/\/seedoosports.com\/?post_type=product&#038;p=2796"},"modified":"2024-10-21T11:14:30","modified_gmt":"2024-10-21T03:14:30","slug":"mma-station","status":"publish","type":"product","link":"https:\/\/seedoosports.com\/es\/mma-cages\/mma-station\/","title":{"rendered":"Sala de jaulas de MMA"},"content":{"rendered":"","protected":false},"excerpt":{"rendered":"<p>Su instalaci\u00f3n no requiere la destrucci\u00f3n de suelos, paredes y techos. Se trata de un recinto completo para combates de boxeo que integra la jaula octogonal, el sistema de sacos de arena y el rack de entrenamiento f\u00edsico. No requiere edificios anexos. Equipado con un sistema de sacos de arena orbitales, los sacos de arena pueden desplazarse f\u00e1cilmente para realizar diferentes entrenamientos; cuando los sacos de arena est\u00e1n almacenados, todo el recinto puede utilizarse para entrenamiento f\u00edsico, fuerza, resistencia, yoga y entrenamiento t\u00e9cnico y t\u00e1ctico junto a la jaula.<\/p>","protected":false},"featured_media":3727,"template":"","meta":{"rank_math_lock_modified_date":false},"product_brand":[],"product_cat":[55],"product_tag":[],"class_list":{"0":"post-2796","1":"product","2":"type-product","3":"status-publish","4":"has-post-thumbnail","6":"product_cat-mma-cages","8":"first","9":"instock","10":"shipping-taxable","11":"product-type-simple"},"_links":{"self":[{"href":"https:\/\/seedoosports.com\/es\/wp-json\/wp\/v2\/product\/2796","targetHints":{"allow":["GET"]}}],"collection":[{"href":"https:\/\/seedoosports.com\/es\/wp-json\/wp\/v2\/product"}],"about":[{"href":"https:\/\/seedoosports.com\/es\/wp-json\/wp\/v2\/types\/product"}],"wp:featuredmedia":[{"embeddable":true,"href":"https:\/\/seedoosports.com\/es\/wp-json\/wp\/v2\/media\/3727"}],"wp:attachment":[{"href":"https:\/\/seedoosports.com\/es\/wp-json\/wp\/v2\/media?parent=2796"}],"wp:term":[{"taxonomy":"product_brand","embeddable":true,"href":"https:\/\/seedoosports.com\/es\/wp-json\/wp\/v2\/product_brand?post=2796"},{"taxonomy":"product_cat","embeddable":true,"href":"https:\/\/seedoosports.com\/es\/wp-json\/wp\/v2\/product_cat?post=2796"},{"taxonomy":"product_tag","embeddable":true,"href":"https:\/\/seedoosports.com\/es\/wp-json\/wp\/v2\/product_tag?post=2796"}],"curies":[{"name":"wp","href":"https:\/\/api.w.org\/{rel}","templated":true}]}}