{"id":2788,"date":"2024-03-28T17:18:29","date_gmt":"2024-03-28T09:18:29","guid":{"rendered":"https:\/\/seedoosports.com\/?post_type=product&#038;p=2788"},"modified":"2024-08-27T16:15:45","modified_gmt":"2024-08-27T08:15:45","slug":"foldable-boxing-ring-4x4","status":"publish","type":"product","link":"https:\/\/seedoosports.com\/es\/boxing-rings\/foldable-boxing-ring-4x4\/","title":{"rendered":"Ring de boxeo plegable 4x4M"},"content":{"rendered":"<div data-page-id=\"MHWwdiEigoD6YAxjRXOcrr67n4b\" data-docx-has-block-data=\"false\">\n<p>Anillo de boxeo plegable patentado, dise\u00f1ado y fabricado por SEEDOO. Estructura de acero de alta calidad, F\u00e1cil y r\u00e1pido de montar. Se puede desplegar y plegar r\u00e1pidamente, dise\u00f1ado para ahorrar espacio en el gimnasio y \u00e1rea multiusos.<\/p>\n<p>Descripci\u00f3n:<\/p>\n<ul>\n<li>Dimensiones exteriores : 3,85 m (12,6\u00d712,6 pies).<\/li>\n<li>Dimensiones entre cuerdas: 3,06 m (10\u00d710 pies).<\/li>\n<li>4 esquineros.<\/li>\n<li>4 Cuerdas de cable envueltas en vinilo para mayor funcionalidad y durabilidad, di\u00e1metro: 50 mm, capacidad de tensi\u00f3n: 2 toneladas, color opcional.<\/li>\n<li>8 separadores de cuerda (colores y logotipo personalizables).<\/li>\n<li>4 cojines de esquina acolchados (colores y logotipo personalizables).<\/li>\n<li>Opcional: Alfombrillas en el interior del anillo (colores y logotipo personalizables).<\/li>\n<\/ul>\n<p>Tama\u00f1o del embalaje:<\/p>\n<ul class=\"list-number1\">\n<li class=\"ace-line ace-line old-record-id-Lv0wdABG4oSBuOxN6cFcdJpwnQh\" data-list=\"number\">\n<div>caja de madera: 2370*1120*650mm 310kg<\/div>\n<\/li>\n<li class=\"ace-line ace-line old-record-id-FWIBd1VT7oVTtFx9HU0cGtuvnPg\" data-list=\"number\">\n<div>rollos de esteras: 1550*500*500mm 1 rollo de alfombrillas: 1850*500*500mm Peso total: 72kg<\/div>\n<\/li>\n<\/ul>\n<\/div>","protected":false},"excerpt":{"rendered":"<div data-page-id=\"MHWwdiEigoD6YAxjRXOcrr67n4b\" data-docx-has-block-data=\"false\">\n<div class=\"ace-line ace-line old-record-id-OA7kdX9u0oONPuxhQyWchjthn5w\">Si tu GYM es peque\u00f1o, si tu GYM necesita un ring de boxeo que se pueda mover y guardar. Elija este ring de boxeo que pueden plegar f\u00e1cilmente dos chicas. Una vez guardado, solo ocupa una superficie de 2,5 metros cuadrados.<\/div>\n<\/div>","protected":false},"featured_media":3829,"template":"","meta":{"rank_math_lock_modified_date":false},"product_brand":[],"product_cat":[54],"product_tag":[],"class_list":{"0":"post-2788","1":"product","2":"type-product","3":"status-publish","4":"has-post-thumbnail","6":"product_cat-boxing-rings","8":"first","9":"instock","10":"shipping-taxable","11":"product-type-simple"},"_links":{"self":[{"href":"https:\/\/seedoosports.com\/es\/wp-json\/wp\/v2\/product\/2788","targetHints":{"allow":["GET"]}}],"collection":[{"href":"https:\/\/seedoosports.com\/es\/wp-json\/wp\/v2\/product"}],"about":[{"href":"https:\/\/seedoosports.com\/es\/wp-json\/wp\/v2\/types\/product"}],"wp:featuredmedia":[{"embeddable":true,"href":"https:\/\/seedoosports.com\/es\/wp-json\/wp\/v2\/media\/3829"}],"wp:attachment":[{"href":"https:\/\/seedoosports.com\/es\/wp-json\/wp\/v2\/media?parent=2788"}],"wp:term":[{"taxonomy":"product_brand","embeddable":true,"href":"https:\/\/seedoosports.com\/es\/wp-json\/wp\/v2\/product_brand?post=2788"},{"taxonomy":"product_cat","embeddable":true,"href":"https:\/\/seedoosports.com\/es\/wp-json\/wp\/v2\/product_cat?post=2788"},{"taxonomy":"product_tag","embeddable":true,"href":"https:\/\/seedoosports.com\/es\/wp-json\/wp\/v2\/product_tag?post=2788"}],"curies":[{"name":"wp","href":"https:\/\/api.w.org\/{rel}","templated":true}]}}